{"id":4436,"date":"2026-03-19T22:38:18","date_gmt":"2026-03-19T22:38:18","guid":{"rendered":"https:\/\/cercina.pt\/web\/?page_id=4436"},"modified":"2026-03-19T22:38:55","modified_gmt":"2026-03-19T22:38:55","slug":"jovens-embaixadores-da-convencao-das-nacoes-unidas-sobre-os-direitos-das-pessoas-com-deficiencia","status":"publish","type":"page","link":"https:\/\/cercina.pt\/web\/jovens-embaixadores-da-convencao-das-nacoes-unidas-sobre-os-direitos-das-pessoas-com-deficiencia\/","title":{"rendered":"Jovens Embaixadores da Conven\u00e7\u00e3o das Na\u00e7\u00f5es Unidas sobre os Direitos das Pessoas com Defici\u00eancia"},"content":{"rendered":"\t\t<div data-elementor-type=\"wp-page\" data-elementor-id=\"4436\" class=\"elementor elementor-4436\">\n\t\t\t\t\t\t\t\t\t<section class=\"elementor-section elementor-top-section elementor-element elementor-element-619f89e elementor-section-boxed elementor-section-height-default elementor-section-height-default\" data-id=\"619f89e\" data-element_type=\"section\">\n\t\t\t\t\t\t<div class=\"elementor-container elementor-column-gap-default\">\n\t\t\t\t\t<div class=\"elementor-column elementor-col-100 elementor-top-column elementor-element elementor-element-8faa8fd\" data-id=\"8faa8fd\" data-element_type=\"column\">\n\t\t\t<div class=\"elementor-widget-wrap elementor-element-populated\">\n\t\t\t\t\t\t\t\t<div class=\"elementor-element elementor-element-ffaf037 elementor-widget elementor-widget-heading\" data-id=\"ffaf037\" data-element_type=\"widget\" data-widget_type=\"heading.default\">\n\t\t\t\t<div class=\"elementor-widget-container\">\n\t\t\t<h2 class=\"elementor-heading-title elementor-size-default\">Young Ambassadors for UN Convention on the Rights of Persons with Disabilities<\/h2>\t\t<\/div>\n\t\t\t\t<\/div>\n\t\t\t\t\t<\/div>\n\t\t<\/div>\n\t\t\t\t\t\t\t<\/div>\n\t\t<\/section>\n\t\t\t\t<section class=\"elementor-section elementor-top-section elementor-element elementor-element-84df989 elementor-section-boxed elementor-section-height-default elementor-section-height-default\" data-id=\"84df989\" data-element_type=\"section\">\n\t\t\t\t\t\t<div class=\"elementor-container elementor-column-gap-default\">\n\t\t\t\t\t<div class=\"elementor-column elementor-col-100 elementor-top-column elementor-element elementor-element-7c605d3\" data-id=\"7c605d3\" data-element_type=\"column\">\n\t\t\t<div class=\"elementor-widget-wrap elementor-element-populated\">\n\t\t\t\t\t\t\t\t<div class=\"elementor-element elementor-element-a44ce9c elementor-widget elementor-widget-text-editor\" data-id=\"a44ce9c\" data-element_type=\"widget\" data-widget_type=\"text-editor.default\">\n\t\t\t\t<div class=\"elementor-widget-container\">\n\t\t\t\t\t\t\t<p>Objetivo:&nbsp;Empoderar os jovens com defici\u00eancia e capacit\u00e1-los para se tornarem embaixadores da Conven\u00e7\u00e3o das Na\u00e7\u00f5es Unidas sobre os Direitos das Pessoas com Defici\u00eancia (CDPD), promovendo a sensibiliza\u00e7\u00e3o e a compreens\u00e3o dos direitos e valores da Uni\u00e3o Europeia.<\/p>\n<p>Liga\u00e7\u00f5es \u00fateis:&nbsp;<a href=\"https:\/\/www.instagram.com\/youngambassadorsforuncrpd\/\" target=\"_blank\" style=\"letter-spacing: 0px;\">https:\/\/www.instagram.com\/youngambassadorsforuncrpd\/<\/a><br>&nbsp; &nbsp; &nbsp; &nbsp; &nbsp; &nbsp; &nbsp; &nbsp; &nbsp; &nbsp; &nbsp; &nbsp; &nbsp; &nbsp;<a href=\"https:\/\/www.facebook.com\/profile.php?id=61580949152172\" target=\"_blank\" style=\"letter-spacing: 0px;\">https:\/\/www.facebook.com\/profile.php?id=61580949152172<\/a><\/p>\t\t\t\t\t\t<\/div>\n\t\t\t\t<\/div>\n\t\t\t\t\t<\/div>\n\t\t<\/div>\n\t\t\t\t\t\t\t<\/div>\n\t\t<\/section>\n\t\t\t\t\t\t\t<\/div>\n\t\t","protected":false},"excerpt":{"rendered":"<p>Young Ambassadors for UN Convention on the Rights of Persons with Disabilities Objetivo:&nbsp;Empoderar os jovens com defici\u00eancia e capacit\u00e1-los para se tornarem embaixadores da Conven\u00e7\u00e3o das Na\u00e7\u00f5es Unidas sobre os Direitos das Pessoas com Defici\u00eancia (CDPD), promovendo a sensibiliza\u00e7\u00e3o e a compreens\u00e3o dos direitos e valores da Uni\u00e3o Europeia. Liga\u00e7\u00f5es \u00fateis:&nbsp;https:\/\/www.instagram.com\/youngambassadorsforuncrpd\/&nbsp; &nbsp; &nbsp; &nbsp; &nbsp; [&hellip;]<\/p>\n","protected":false},"author":2,"featured_media":0,"parent":0,"menu_order":0,"comment_status":"closed","ping_status":"closed","template":"","meta":[],"_links":{"self":[{"href":"https:\/\/cercina.pt\/web\/wp-json\/wp\/v2\/pages\/4436"}],"collection":[{"href":"https:\/\/cercina.pt\/web\/wp-json\/wp\/v2\/pages"}],"about":[{"href":"https:\/\/cercina.pt\/web\/wp-json\/wp\/v2\/types\/page"}],"author":[{"embeddable":true,"href":"https:\/\/cercina.pt\/web\/wp-json\/wp\/v2\/users\/2"}],"replies":[{"embeddable":true,"href":"https:\/\/cercina.pt\/web\/wp-json\/wp\/v2\/comments?post=4436"}],"version-history":[{"count":3,"href":"https:\/\/cercina.pt\/web\/wp-json\/wp\/v2\/pages\/4436\/revisions"}],"predecessor-version":[{"id":4439,"href":"https:\/\/cercina.pt\/web\/wp-json\/wp\/v2\/pages\/4436\/revisions\/4439"}],"wp:attachment":[{"href":"https:\/\/cercina.pt\/web\/wp-json\/wp\/v2\/media?parent=4436"}],"curies":[{"name":"wp","href":"https:\/\/api.w.org\/{rel}","templated":true}]}}