{"id":4431,"date":"2026-03-19T22:27:20","date_gmt":"2026-03-19T22:27:20","guid":{"rendered":"https:\/\/cercina.pt\/web\/?page_id=4431"},"modified":"2026-03-19T22:28:52","modified_gmt":"2026-03-19T22:28:52","slug":"house-solutions-for-independent-living","status":"publish","type":"page","link":"https:\/\/cercina.pt\/web\/house-solutions-for-independent-living\/","title":{"rendered":"House Solutions for Independent Living"},"content":{"rendered":"\t\t<div data-elementor-type=\"wp-page\" data-elementor-id=\"4431\" class=\"elementor elementor-4431\">\n\t\t\t\t\t\t\t\t\t<section class=\"elementor-section elementor-top-section elementor-element elementor-element-003b544 elementor-section-boxed elementor-section-height-default elementor-section-height-default\" data-id=\"003b544\" data-element_type=\"section\">\n\t\t\t\t\t\t<div class=\"elementor-container elementor-column-gap-default\">\n\t\t\t\t\t<div class=\"elementor-column elementor-col-100 elementor-top-column elementor-element elementor-element-cda5925\" data-id=\"cda5925\" data-element_type=\"column\">\n\t\t\t<div class=\"elementor-widget-wrap elementor-element-populated\">\n\t\t\t\t\t\t\t\t<div class=\"elementor-element elementor-element-c4f78c4 elementor-widget elementor-widget-heading\" data-id=\"c4f78c4\" data-element_type=\"widget\" data-widget_type=\"heading.default\">\n\t\t\t\t<div class=\"elementor-widget-container\">\n\t\t\t<h2 class=\"elementor-heading-title elementor-size-default\">House Solutions for independent Living (Erasmus+)<\/h2>\t\t<\/div>\n\t\t\t\t<\/div>\n\t\t\t\t\t<\/div>\n\t\t<\/div>\n\t\t\t\t\t\t\t<\/div>\n\t\t<\/section>\n\t\t\t\t<section class=\"elementor-section elementor-top-section elementor-element elementor-element-3d7eb62 elementor-section-boxed elementor-section-height-default elementor-section-height-default\" data-id=\"3d7eb62\" data-element_type=\"section\">\n\t\t\t\t\t\t<div class=\"elementor-container elementor-column-gap-default\">\n\t\t\t\t\t<div class=\"elementor-column elementor-col-100 elementor-top-column elementor-element elementor-element-2576959\" data-id=\"2576959\" data-element_type=\"column\">\n\t\t\t<div class=\"elementor-widget-wrap elementor-element-populated\">\n\t\t\t\t\t\t\t\t<div class=\"elementor-element elementor-element-d5296ad elementor-widget elementor-widget-text-editor\" data-id=\"d5296ad\" data-element_type=\"widget\" data-widget_type=\"text-editor.default\">\n\t\t\t\t<div class=\"elementor-widget-container\">\n\t\t\t\t\t\t\t<p>O projeto Housing Solutions for Independent Living (HS4IL) tem como objetivo identificar e fazer um levantamento de experi\u00eancias e pr\u00e1ticas relevantes, destacando a contribui\u00e7\u00e3o das tecnologias digitais no ambiente habitacional. Estas tecnologias funcionam como uma alavanca e catalisador para promover a autonomia, a vida independente, a autodetermina\u00e7\u00e3o e a participa\u00e7\u00e3o social de pessoas com defici\u00eancia.<\/p><p>O enfoque do projeto est\u00e1 na identifica\u00e7\u00e3o de tecnologias e estrat\u00e9gias relevantes que apoiem e assistam pessoas com necessidades especiais, bem como no desenvolvimento de uma metodologia (Living Lab) para fomentar o progresso co-produtivo neste setor.<\/p><p>As atividades realizadas conduzir\u00e3o tamb\u00e9m ao desenvolvimento de orienta\u00e7\u00f5es co-constru\u00eddas para a implementa\u00e7\u00e3o das tecnologias identificadas, bem como de ferramentas e pr\u00e1ticas de apoio associadas.<\/p>\t\t\t\t\t\t<\/div>\n\t\t\t\t<\/div>\n\t\t\t\t\t<\/div>\n\t\t<\/div>\n\t\t\t\t\t\t\t<\/div>\n\t\t<\/section>\n\t\t\t\t<section class=\"elementor-section elementor-top-section elementor-element elementor-element-fef7fea elementor-section-boxed elementor-section-height-default elementor-section-height-default\" data-id=\"fef7fea\" data-element_type=\"section\">\n\t\t\t\t\t\t<div class=\"elementor-container elementor-column-gap-default\">\n\t\t\t\t\t<div class=\"elementor-column elementor-col-50 elementor-top-column elementor-element elementor-element-2f075be\" data-id=\"2f075be\" data-element_type=\"column\">\n\t\t\t<div class=\"elementor-widget-wrap elementor-element-populated\">\n\t\t\t\t\t\t\t\t<div class=\"elementor-element elementor-element-352f51c elementor-view-default elementor-widget elementor-widget-icon\" data-id=\"352f51c\" data-element_type=\"widget\" data-widget_type=\"icon.default\">\n\t\t\t\t<div class=\"elementor-widget-container\">\n\t\t\t\t\t<div class=\"elementor-icon-wrapper\">\n\t\t\t<div class=\"elementor-icon\">\n\t\t\t<i aria-hidden=\"true\" class=\"fas fa-link\"><\/i>\t\t\t<\/div>\n\t\t<\/div>\n\t\t\t\t<\/div>\n\t\t\t\t<\/div>\n\t\t\t\t\t<\/div>\n\t\t<\/div>\n\t\t\t\t<div class=\"elementor-column elementor-col-50 elementor-top-column elementor-element elementor-element-788a4bf\" data-id=\"788a4bf\" data-element_type=\"column\">\n\t\t\t<div class=\"elementor-widget-wrap elementor-element-populated\">\n\t\t\t\t\t\t\t\t<div class=\"elementor-element elementor-element-ad0dbd6 elementor-widget elementor-widget-text-editor\" data-id=\"ad0dbd6\" data-element_type=\"widget\" data-widget_type=\"text-editor.default\">\n\t\t\t\t<div class=\"elementor-widget-container\">\n\t\t\t\t\t\t\t<p><a href=\"https:\/\/hs4il.eu\/\" target=\"_blank\" rel=\"noopener\">https:\/\/hs4il.eu\/<\/a><\/p>\t\t\t\t\t\t<\/div>\n\t\t\t\t<\/div>\n\t\t\t\t\t<\/div>\n\t\t<\/div>\n\t\t\t\t\t\t\t<\/div>\n\t\t<\/section>\n\t\t\t\t\t\t\t<\/div>\n\t\t","protected":false},"excerpt":{"rendered":"<p>House Solutions for independent Living (Erasmus+) O projeto Housing Solutions for Independent Living (HS4IL) tem como objetivo identificar e fazer um levantamento de experi\u00eancias e pr\u00e1ticas relevantes, destacando a contribui\u00e7\u00e3o das tecnologias digitais no ambiente habitacional. Estas tecnologias funcionam como uma alavanca e catalisador para promover a autonomia, a vida independente, a autodetermina\u00e7\u00e3o e a [&hellip;]<\/p>\n","protected":false},"author":2,"featured_media":0,"parent":0,"menu_order":0,"comment_status":"closed","ping_status":"closed","template":"","meta":[],"_links":{"self":[{"href":"https:\/\/cercina.pt\/web\/wp-json\/wp\/v2\/pages\/4431"}],"collection":[{"href":"https:\/\/cercina.pt\/web\/wp-json\/wp\/v2\/pages"}],"about":[{"href":"https:\/\/cercina.pt\/web\/wp-json\/wp\/v2\/types\/page"}],"author":[{"embeddable":true,"href":"https:\/\/cercina.pt\/web\/wp-json\/wp\/v2\/users\/2"}],"replies":[{"embeddable":true,"href":"https:\/\/cercina.pt\/web\/wp-json\/wp\/v2\/comments?post=4431"}],"version-history":[{"count":3,"href":"https:\/\/cercina.pt\/web\/wp-json\/wp\/v2\/pages\/4431\/revisions"}],"predecessor-version":[{"id":4435,"href":"https:\/\/cercina.pt\/web\/wp-json\/wp\/v2\/pages\/4431\/revisions\/4435"}],"wp:attachment":[{"href":"https:\/\/cercina.pt\/web\/wp-json\/wp\/v2\/media?parent=4431"}],"curies":[{"name":"wp","href":"https:\/\/api.w.org\/{rel}","templated":true}]}}