{"id":4365,"date":"2025-10-24T14:46:17","date_gmt":"2025-10-24T14:46:17","guid":{"rendered":"https:\/\/cercina.pt\/web\/?page_id=4365"},"modified":"2025-10-27T10:49:12","modified_gmt":"2025-10-27T10:49:12","slug":"projetos-locais-promotores-de-qualificacoes","status":"publish","type":"page","link":"https:\/\/cercina.pt\/web\/centro-qualifica\/projetos-locais-promotores-de-qualificacoes\/","title":{"rendered":"Projetos Locais Promotores de Qualifica\u00e7\u00f5es"},"content":{"rendered":"\t\t<div data-elementor-type=\"wp-page\" data-elementor-id=\"4365\" class=\"elementor elementor-4365\">\n\t\t\t\t\t\t\t\t\t<section class=\"elementor-section elementor-top-section elementor-element elementor-element-a7efc09 elementor-section-boxed elementor-section-height-default elementor-section-height-default\" data-id=\"a7efc09\" data-element_type=\"section\">\n\t\t\t\t\t\t<div class=\"elementor-container elementor-column-gap-default\">\n\t\t\t\t\t<div class=\"elementor-column elementor-col-100 elementor-top-column elementor-element elementor-element-b657934\" data-id=\"b657934\" data-element_type=\"column\">\n\t\t\t<div class=\"elementor-widget-wrap elementor-element-populated\">\n\t\t\t\t\t\t\t\t<div class=\"elementor-element elementor-element-cad31a6 elementor-widget elementor-widget-text-editor\" data-id=\"cad31a6\" data-element_type=\"widget\" data-widget_type=\"text-editor.default\">\n\t\t\t\t<div class=\"elementor-widget-container\">\n\t\t\t\t\t\t\t<p><span style=\"letter-spacing: 0px;\"><b>Projetos Locais\u00a0Promotores de Qualifica\u00e7\u00f5es de N\u00edvel B1\/B2\/B3<\/b><\/span><\/p><p><span style=\"letter-spacing: 0px;\">Os Projetos Locais\u00a0Promotores de Qualifica\u00e7\u00f5es (PLPQ) de N\u00edvel B1\/B2\/B3, dinamizados ao abrigo do Plano de Recupera\u00e7\u00e3o e Resili\u00eancia, fazem parte de uma iniciativa governamental que tem por objetivo aumentar, at\u00e9 2026, as qualifica\u00e7\u00f5es da popula\u00e7\u00e3o adulta que ainda se encontra nos n\u00edveis B1\/B2\/B3.<\/span><\/p><p>Neste sentido, ser\u00e3o promovidas pela CERCINA, em parceria com outras entidades, a\u00e7\u00f5es de educa\u00e7\u00e3o e\/ou forma\u00e7\u00e3o de adultos com baixos n\u00edveis de qualifica\u00e7\u00f5es para obter o 4\u00ba ano (B1), o 6\u00ba ano (B2) ou o 9\u00ba ano de escolaridade (B3).<\/p><p>Atrav\u00e9s dos Centros Qualifica, como estruturas coordenadoras, os PLPQ pretendem implementar e dinamizar redes de parcerias junto das comunidades\u00a0locais\u00a0e regionais (entidades formadoras, institui\u00e7\u00f5es empregadoras, organiza\u00e7\u00f5es e servi\u00e7os comunit\u00e1rios), de modo a:<\/p><p><span style=\"font-family: Symbol; mso-ascii-font-family: Aptos; mso-ascii-theme-font: minor-latin; mso-hansi-font-family: Aptos; mso-hansi-theme-font: minor-latin; mso-char-type: symbol; mso-symbol-font-family: Symbol;\">\u00b7<\/span> mobilizar adultos de muito baixas qualifica\u00e7\u00f5es, para integrarem modalidades que conduzam \u00e0 obten\u00e7\u00e3o de uma certifica\u00e7\u00e3o de B1, B2 ou B3;<br \/><span style=\"font-family: Symbol; mso-ascii-font-family: Aptos; mso-ascii-theme-font: minor-latin; mso-hansi-font-family: Aptos; mso-hansi-theme-font: minor-latin; mso-char-type: symbol; mso-symbol-font-family: Symbol;\">\u00b7<\/span> promover a oferta de educa\u00e7\u00e3o de forma\u00e7\u00e3o de n\u00edvel B1\/B2\/B3, que melhor se ajuste \u00e0s necessidades dos adultos;<br \/><span style=\"font-family: Symbol; mso-ascii-font-family: Aptos; mso-ascii-theme-font: minor-latin; mso-hansi-font-family: Aptos; mso-hansi-theme-font: minor-latin; mso-char-type: symbol; mso-symbol-font-family: Symbol;\">\u00b7<\/span> criar condi\u00e7\u00f5es prop\u00edcias \u00e0 participa\u00e7\u00e3o dos adultos em percursos de qualifica\u00e7\u00e3o, tirando partido das parcerias estabelecidas;<br \/><span style=\"font-family: Symbol; mso-ascii-font-family: Aptos; mso-ascii-theme-font: minor-latin; mso-hansi-font-family: Aptos; mso-hansi-theme-font: minor-latin; mso-char-type: symbol; mso-symbol-font-family: Symbol;\">\u00b7<\/span> acompanhar de modo intensivo e articulado os adultos, desde a inscri\u00e7\u00e3o num Centro Qualifica at\u00e9 \u00e0 obten\u00e7\u00e3o de uma certifica\u00e7\u00e3o, minimizando riscos de desist\u00eancia e otimizando taxas de certifica\u00e7\u00e3o em B1\/B2\/B3.<\/p><p>Saiba mais sobre os PLPQ em\u00a0<a style=\"letter-spacing: 0px;\" href=\"https:\/\/recuperarportugal.gov.pt\/\" target=\"_blank\" rel=\"noopener\">recuperarportugal.gov.pt<\/a><\/p>\t\t\t\t\t\t<\/div>\n\t\t\t\t<\/div>\n\t\t\t\t\t<\/div>\n\t\t<\/div>\n\t\t\t\t\t\t\t<\/div>\n\t\t<\/section>\n\t\t\t\t<section class=\"elementor-section elementor-top-section elementor-element elementor-element-3fb693c elementor-section-boxed elementor-section-height-default elementor-section-height-default\" data-id=\"3fb693c\" data-element_type=\"section\">\n\t\t\t\t\t\t<div class=\"elementor-container elementor-column-gap-default\">\n\t\t\t\t\t<div class=\"elementor-column elementor-col-100 elementor-top-column elementor-element elementor-element-bf90fd5\" data-id=\"bf90fd5\" data-element_type=\"column\">\n\t\t\t<div class=\"elementor-widget-wrap elementor-element-populated\">\n\t\t\t\t\t\t\t\t<div class=\"elementor-element elementor-element-d57d2ee elementor-widget elementor-widget-text-editor\" data-id=\"d57d2ee\" data-element_type=\"widget\" data-widget_type=\"text-editor.default\">\n\t\t\t\t<div class=\"elementor-widget-container\">\n\t\t\t\t\t\t\t<p><b>Destinat\u00e1rios<br \/><\/b>Popula\u00e7\u00e3o adulta com qualifica\u00e7\u00f5es inferiores ao 9.\u00ba ano de escolaridade, incluindo adultos sem escolaridade, com baixos n\u00edveis de literacia e maior vulnerabilidade social.<\/p><p><b>Informa\u00e7\u00f5es e inscri\u00e7\u00f5es<\/b><\/p><p>T. 262562595 \/\u00a0<span style=\"letter-spacing: 0px;\">926984485<br \/><\/span><span style=\"letter-spacing: 0px;\">E. cercina.rvcc@gmail.com<\/span><\/p>\t\t\t\t\t\t<\/div>\n\t\t\t\t<\/div>\n\t\t\t\t\t<\/div>\n\t\t<\/div>\n\t\t\t\t\t\t\t<\/div>\n\t\t<\/section>\n\t\t\t\t<section class=\"elementor-section elementor-top-section elementor-element elementor-element-cf7551c elementor-section-boxed elementor-section-height-default elementor-section-height-default\" data-id=\"cf7551c\" data-element_type=\"section\">\n\t\t\t\t\t\t<div class=\"elementor-container elementor-column-gap-default\">\n\t\t\t\t\t<div class=\"elementor-column elementor-col-50 elementor-top-column elementor-element elementor-element-1b3421f\" data-id=\"1b3421f\" data-element_type=\"column\">\n\t\t\t<div class=\"elementor-widget-wrap elementor-element-populated\">\n\t\t\t\t\t\t\t\t<div class=\"elementor-element elementor-element-232ae0b elementor-widget elementor-widget-button\" data-id=\"232ae0b\" data-element_type=\"widget\" data-widget_type=\"button.default\">\n\t\t\t\t<div class=\"elementor-widget-container\">\n\t\t\t\t\t<div class=\"elementor-button-wrapper\">\n\t\t\t<a href=\"https:\/\/cercina.pt\/web\/wp-content\/uploads\/2025\/10\/FichaProjetoPLPQ.pdf\" class=\"elementor-button-link elementor-button elementor-size-sm\" role=\"button\">\n\t\t\t\t\t\t<span class=\"elementor-button-content-wrapper\">\n\t\t\t\t\t\t<span class=\"elementor-button-text\">Consultar<\/span>\n\t\t<\/span>\n\t\t\t\t\t<\/a>\n\t\t<\/div>\n\t\t\t\t<\/div>\n\t\t\t\t<\/div>\n\t\t\t\t\t<\/div>\n\t\t<\/div>\n\t\t\t\t<div class=\"elementor-column elementor-col-50 elementor-top-column elementor-element elementor-element-3fd0e60\" data-id=\"3fd0e60\" data-element_type=\"column\">\n\t\t\t<div class=\"elementor-widget-wrap elementor-element-populated\">\n\t\t\t\t\t\t\t\t<div class=\"elementor-element elementor-element-ae1d068 elementor-widget elementor-widget-text-editor\" data-id=\"ae1d068\" data-element_type=\"widget\" data-widget_type=\"text-editor.default\">\n\t\t\t\t<div class=\"elementor-widget-container\">\n\t\t\t\t\t\t\t<p><b>FICHA DE PROJETO<\/b><\/p>\t\t\t\t\t\t<\/div>\n\t\t\t\t<\/div>\n\t\t\t\t\t<\/div>\n\t\t<\/div>\n\t\t\t\t\t\t\t<\/div>\n\t\t<\/section>\n\t\t\t\t<section class=\"elementor-section elementor-top-section elementor-element elementor-element-a50dac4 elementor-section-boxed elementor-section-height-default elementor-section-height-default\" data-id=\"a50dac4\" data-element_type=\"section\">\n\t\t\t\t\t\t<div class=\"elementor-container elementor-column-gap-default\">\n\t\t\t\t\t<div class=\"elementor-column elementor-col-100 elementor-top-column elementor-element elementor-element-f8e40d2\" data-id=\"f8e40d2\" data-element_type=\"column\">\n\t\t\t<div class=\"elementor-widget-wrap elementor-element-populated\">\n\t\t\t\t\t\t\t\t<div class=\"elementor-element elementor-element-1628639 elementor-widget elementor-widget-image\" data-id=\"1628639\" data-element_type=\"widget\" data-widget_type=\"image.default\">\n\t\t\t\t<div class=\"elementor-widget-container\">\n\t\t\t\t\t\t\t\t\t\t\t\t\t\t\t<img width=\"641\" height=\"104\" src=\"https:\/\/cercina.pt\/web\/wp-content\/uploads\/2025\/10\/Rodape_PRR.png\" class=\"attachment-full size-full wp-image-4363\" alt=\"\" srcset=\"https:\/\/cercina.pt\/web\/wp-content\/uploads\/2025\/10\/Rodape_PRR-200x32.png 200w, https:\/\/cercina.pt\/web\/wp-content\/uploads\/2025\/10\/Rodape_PRR-300x49.png 300w, https:\/\/cercina.pt\/web\/wp-content\/uploads\/2025\/10\/Rodape_PRR-400x65.png 400w, https:\/\/cercina.pt\/web\/wp-content\/uploads\/2025\/10\/Rodape_PRR-600x97.png 600w, https:\/\/cercina.pt\/web\/wp-content\/uploads\/2025\/10\/Rodape_PRR.png 641w\" sizes=\"(max-width: 641px) 100vw, 641px\" \/>\t\t\t\t\t\t\t\t\t\t\t\t\t\t\t<\/div>\n\t\t\t\t<\/div>\n\t\t\t\t\t<\/div>\n\t\t<\/div>\n\t\t\t\t\t\t\t<\/div>\n\t\t<\/section>\n\t\t\t\t\t\t\t<\/div>\n\t\t","protected":false},"excerpt":{"rendered":"<p>Projetos Locais\u00a0Promotores de Qualifica\u00e7\u00f5es de N\u00edvel B1\/B2\/B3 Os Projetos Locais\u00a0Promotores de Qualifica\u00e7\u00f5es (PLPQ) de N\u00edvel B1\/B2\/B3, dinamizados ao abrigo do Plano de Recupera\u00e7\u00e3o e Resili\u00eancia, fazem parte de uma iniciativa governamental que tem por objetivo aumentar, at\u00e9 2026, as qualifica\u00e7\u00f5es da popula\u00e7\u00e3o adulta que ainda se encontra nos n\u00edveis B1\/B2\/B3. Neste sentido, ser\u00e3o promovidas pela [&hellip;]<\/p>\n","protected":false},"author":2,"featured_media":0,"parent":4032,"menu_order":0,"comment_status":"closed","ping_status":"closed","template":"","meta":[],"_links":{"self":[{"href":"https:\/\/cercina.pt\/web\/wp-json\/wp\/v2\/pages\/4365"}],"collection":[{"href":"https:\/\/cercina.pt\/web\/wp-json\/wp\/v2\/pages"}],"about":[{"href":"https:\/\/cercina.pt\/web\/wp-json\/wp\/v2\/types\/page"}],"author":[{"embeddable":true,"href":"https:\/\/cercina.pt\/web\/wp-json\/wp\/v2\/users\/2"}],"replies":[{"embeddable":true,"href":"https:\/\/cercina.pt\/web\/wp-json\/wp\/v2\/comments?post=4365"}],"version-history":[{"count":28,"href":"https:\/\/cercina.pt\/web\/wp-json\/wp\/v2\/pages\/4365\/revisions"}],"predecessor-version":[{"id":4398,"href":"https:\/\/cercina.pt\/web\/wp-json\/wp\/v2\/pages\/4365\/revisions\/4398"}],"up":[{"embeddable":true,"href":"https:\/\/cercina.pt\/web\/wp-json\/wp\/v2\/pages\/4032"}],"wp:attachment":[{"href":"https:\/\/cercina.pt\/web\/wp-json\/wp\/v2\/media?parent=4365"}],"curies":[{"name":"wp","href":"https:\/\/api.w.org\/{rel}","templated":true}]}}