{"id":4340,"date":"2025-10-17T16:57:59","date_gmt":"2025-10-17T16:57:59","guid":{"rendered":"https:\/\/cercina.pt\/web\/?page_id=4340"},"modified":"2025-10-27T12:15:56","modified_gmt":"2025-10-27T12:15:56","slug":"formacao-profissional","status":"publish","type":"page","link":"https:\/\/cercina.pt\/web\/formacao-profissional\/","title":{"rendered":"Forma\u00e7\u00e3o Profissional"},"content":{"rendered":"\t\t<div data-elementor-type=\"wp-page\" data-elementor-id=\"4340\" class=\"elementor elementor-4340\">\n\t\t\t\t\t\t\t\t\t<section class=\"elementor-section elementor-top-section elementor-element elementor-element-493f43f elementor-section-boxed elementor-section-height-default elementor-section-height-default\" data-id=\"493f43f\" data-element_type=\"section\">\n\t\t\t\t\t\t<div class=\"elementor-container elementor-column-gap-default\">\n\t\t\t\t\t<div class=\"elementor-column elementor-col-50 elementor-top-column elementor-element elementor-element-17668d5\" data-id=\"17668d5\" data-element_type=\"column\">\n\t\t\t<div class=\"elementor-widget-wrap elementor-element-populated\">\n\t\t\t\t\t\t\t\t<div class=\"elementor-element elementor-element-4dee017 elementor-widget elementor-widget-image\" data-id=\"4dee017\" data-element_type=\"widget\" data-widget_type=\"image.default\">\n\t\t\t\t<div class=\"elementor-widget-container\">\n\t\t\t\t\t\t\t\t\t\t\t\t\t\t\t<img width=\"700\" height=\"441\" src=\"https:\/\/cercina.pt\/web\/wp-content\/uploads\/2025\/10\/Captura-de-ecra-2025-10-17-172154-700x441.png\" class=\"attachment-recent-posts size-recent-posts wp-image-4347\" alt=\"Um grupo de formandos posa para a foto juntamente com o pessoal t\u00e9cnico de uma cl\u00ednica veterin\u00e1ria. Est\u00e3o numa sala de tratamento de animais. Na imagem, est\u00e3o tamb\u00e9m dois c\u00e3es.\" srcset=\"https:\/\/cercina.pt\/web\/wp-content\/uploads\/2025\/10\/Captura-de-ecra-2025-10-17-172154-200x125.png 200w, https:\/\/cercina.pt\/web\/wp-content\/uploads\/2025\/10\/Captura-de-ecra-2025-10-17-172154-320x202.png 320w, https:\/\/cercina.pt\/web\/wp-content\/uploads\/2025\/10\/Captura-de-ecra-2025-10-17-172154-700x441.png 700w\" sizes=\"(max-width: 700px) 100vw, 700px\" \/>\t\t\t\t\t\t\t\t\t\t\t\t\t\t\t<\/div>\n\t\t\t\t<\/div>\n\t\t\t\t\t<\/div>\n\t\t<\/div>\n\t\t\t\t<div class=\"elementor-column elementor-col-50 elementor-top-column elementor-element elementor-element-4d490f2\" data-id=\"4d490f2\" data-element_type=\"column\">\n\t\t\t<div class=\"elementor-widget-wrap elementor-element-populated\">\n\t\t\t\t\t\t\t\t<div class=\"elementor-element elementor-element-2d0f494 elementor-widget elementor-widget-text-editor\" data-id=\"2d0f494\" data-element_type=\"widget\" data-widget_type=\"text-editor.default\">\n\t\t\t\t<div class=\"elementor-widget-container\">\n\t\t\t\t\t\t\t<p>Tomando consci\u00eancia da necessidade de contribuir para a constru\u00e7\u00e3o de condi\u00e7\u00f5es facilitadoras de uma maior qualidade de vida da pessoa com defici\u00eancia ou incapacidade, a CERCINA preparou um Plano Formativo 2024-2027, ao abrigo do Programa Pessoas 2030- Programa Tem\u00e1tico Demografia, Qualifica\u00e7\u00f5es e Inclus\u00e3o (Qualifica\u00e7\u00e3o de pessoas com defici\u00eancia e\/ou incapacidade). Tendo por base o territ\u00f3rio local, as suas potencialidades e desafios, o trabalho em parceria com a comunidade, principalmente com as entidades locais e as caracter\u00edsticas dos potenciais formandos, construiu-se um Plano de Forma\u00e7\u00e3o com o objetivo de otimizar e desenvolver compet\u00eancias pessoais, sociais e profissionais, criando assim condi\u00e7\u00f5es para o estabelecimento de projetos de vida, constru\u00e7\u00e3o de uma identidade social, refor\u00e7o da autoestima e motiva\u00e7\u00e3o, tendo em conta a plena participa\u00e7\u00e3o e o acesso ao emprego.<br \/>O Plano \u00e9 constitu\u00eddo por 6 a\u00e7\u00f5es de forma\u00e7\u00e3o: Operador\/a de Servi\u00e7os Pessoais e Comunit\u00e1rios (2 a\u00e7\u00f5es), Assistente Familiar e de Apoio \u00e0 Comunidade, Literacia Digital e Compet\u00eancia Digital (2 a\u00e7\u00f5es), pretende abranger 36 formandos no total, nos concelhos de Alcoba\u00e7a e Nazar\u00e9.<\/p>\t\t\t\t\t\t<\/div>\n\t\t\t\t<\/div>\n\t\t\t\t\t<\/div>\n\t\t<\/div>\n\t\t\t\t\t\t\t<\/div>\n\t\t<\/section>\n\t\t\t\t<section class=\"elementor-section elementor-top-section elementor-element elementor-element-41f921b elementor-section-boxed elementor-section-height-default elementor-section-height-default\" data-id=\"41f921b\" data-element_type=\"section\">\n\t\t\t\t\t\t<div class=\"elementor-container elementor-column-gap-default\">\n\t\t\t\t\t<div class=\"elementor-column elementor-col-50 elementor-top-column elementor-element elementor-element-e97db4f\" data-id=\"e97db4f\" data-element_type=\"column\">\n\t\t\t<div class=\"elementor-widget-wrap elementor-element-populated\">\n\t\t\t\t\t\t\t\t<div class=\"elementor-element elementor-element-d3b201b elementor-widget elementor-widget-button\" data-id=\"d3b201b\" data-element_type=\"widget\" data-widget_type=\"button.default\">\n\t\t\t\t<div class=\"elementor-widget-container\">\n\t\t\t\t\t<div class=\"elementor-button-wrapper\">\n\t\t\t<a href=\"https:\/\/cercina.pt\/web\/wp-content\/uploads\/2025\/10\/PESSOAS2030_FichaOperacao_A4_com_selo_FSE.pdf\" class=\"elementor-button-link elementor-button elementor-size-sm\" role=\"button\">\n\t\t\t\t\t\t<span class=\"elementor-button-content-wrapper\">\n\t\t\t\t\t\t<span class=\"elementor-button-text\">Consulte aqui<\/span>\n\t\t<\/span>\n\t\t\t\t\t<\/a>\n\t\t<\/div>\n\t\t\t\t<\/div>\n\t\t\t\t<\/div>\n\t\t\t\t\t<\/div>\n\t\t<\/div>\n\t\t\t\t<div class=\"elementor-column elementor-col-50 elementor-top-column elementor-element elementor-element-d0be773\" data-id=\"d0be773\" data-element_type=\"column\">\n\t\t\t<div class=\"elementor-widget-wrap elementor-element-populated\">\n\t\t\t\t\t\t\t\t<div class=\"elementor-element elementor-element-777e395 elementor-widget elementor-widget-text-editor\" data-id=\"777e395\" data-element_type=\"widget\" data-widget_type=\"text-editor.default\">\n\t\t\t\t<div class=\"elementor-widget-container\">\n\t\t\t\t\t\t\t<p><b>Ficha de Opera\u00e7\u00e3o<\/b><\/p>\t\t\t\t\t\t<\/div>\n\t\t\t\t<\/div>\n\t\t\t\t\t<\/div>\n\t\t<\/div>\n\t\t\t\t\t\t\t<\/div>\n\t\t<\/section>\n\t\t\t\t<section class=\"elementor-section elementor-top-section elementor-element elementor-element-7a9c008 elementor-section-boxed elementor-section-height-default elementor-section-height-default\" data-id=\"7a9c008\" data-element_type=\"section\">\n\t\t\t\t\t\t<div class=\"elementor-container elementor-column-gap-default\">\n\t\t\t\t\t<div class=\"elementor-column elementor-col-100 elementor-top-column elementor-element elementor-element-db458c7\" data-id=\"db458c7\" data-element_type=\"column\">\n\t\t\t<div class=\"elementor-widget-wrap elementor-element-populated\">\n\t\t\t\t\t\t\t\t<div class=\"elementor-element elementor-element-9dae3e5 elementor-widget elementor-widget-image\" data-id=\"9dae3e5\" data-element_type=\"widget\" data-widget_type=\"image.default\">\n\t\t\t\t<div class=\"elementor-widget-container\">\n\t\t\t\t\t\t\t\t\t\t\t\t\t\t\t<img width=\"3402\" height=\"741\" src=\"https:\/\/cercina.pt\/web\/wp-content\/uploads\/2025\/10\/PESSOAS2030_BarraCofinan_Designacao_Ass_RGB_120cm-1.png\" class=\"attachment-full size-full wp-image-4351\" alt=\"\" srcset=\"https:\/\/cercina.pt\/web\/wp-content\/uploads\/2025\/10\/PESSOAS2030_BarraCofinan_Designacao_Ass_RGB_120cm-1-200x44.png 200w, https:\/\/cercina.pt\/web\/wp-content\/uploads\/2025\/10\/PESSOAS2030_BarraCofinan_Designacao_Ass_RGB_120cm-1-300x65.png 300w, https:\/\/cercina.pt\/web\/wp-content\/uploads\/2025\/10\/PESSOAS2030_BarraCofinan_Designacao_Ass_RGB_120cm-1-400x87.png 400w, https:\/\/cercina.pt\/web\/wp-content\/uploads\/2025\/10\/PESSOAS2030_BarraCofinan_Designacao_Ass_RGB_120cm-1-600x131.png 600w, https:\/\/cercina.pt\/web\/wp-content\/uploads\/2025\/10\/PESSOAS2030_BarraCofinan_Designacao_Ass_RGB_120cm-1-768x167.png 768w, https:\/\/cercina.pt\/web\/wp-content\/uploads\/2025\/10\/PESSOAS2030_BarraCofinan_Designacao_Ass_RGB_120cm-1-800x174.png 800w, https:\/\/cercina.pt\/web\/wp-content\/uploads\/2025\/10\/PESSOAS2030_BarraCofinan_Designacao_Ass_RGB_120cm-1-1024x223.png 1024w, https:\/\/cercina.pt\/web\/wp-content\/uploads\/2025\/10\/PESSOAS2030_BarraCofinan_Designacao_Ass_RGB_120cm-1-1200x261.png 1200w, https:\/\/cercina.pt\/web\/wp-content\/uploads\/2025\/10\/PESSOAS2030_BarraCofinan_Designacao_Ass_RGB_120cm-1-1536x335.png 1536w, https:\/\/cercina.pt\/web\/wp-content\/uploads\/2025\/10\/PESSOAS2030_BarraCofinan_Designacao_Ass_RGB_120cm-1.png 3402w\" sizes=\"(max-width: 3402px) 100vw, 3402px\" \/>\t\t\t\t\t\t\t\t\t\t\t\t\t\t\t<\/div>\n\t\t\t\t<\/div>\n\t\t\t\t\t<\/div>\n\t\t<\/div>\n\t\t\t\t\t\t\t<\/div>\n\t\t<\/section>\n\t\t\t\t\t\t\t<\/div>\n\t\t","protected":false},"excerpt":{"rendered":"<p>Tomando consci\u00eancia da necessidade de contribuir para a constru\u00e7\u00e3o de condi\u00e7\u00f5es facilitadoras de uma maior qualidade de vida da pessoa com defici\u00eancia ou incapacidade, a CERCINA preparou um Plano Formativo 2024-2027, ao abrigo do Programa Pessoas 2030- Programa Tem\u00e1tico Demografia, Qualifica\u00e7\u00f5es e Inclus\u00e3o (Qualifica\u00e7\u00e3o de pessoas com defici\u00eancia e\/ou incapacidade). Tendo por base o territ\u00f3rio [&hellip;]<\/p>\n","protected":false},"author":2,"featured_media":0,"parent":0,"menu_order":0,"comment_status":"closed","ping_status":"closed","template":"","meta":[],"_links":{"self":[{"href":"https:\/\/cercina.pt\/web\/wp-json\/wp\/v2\/pages\/4340"}],"collection":[{"href":"https:\/\/cercina.pt\/web\/wp-json\/wp\/v2\/pages"}],"about":[{"href":"https:\/\/cercina.pt\/web\/wp-json\/wp\/v2\/types\/page"}],"author":[{"embeddable":true,"href":"https:\/\/cercina.pt\/web\/wp-json\/wp\/v2\/users\/2"}],"replies":[{"embeddable":true,"href":"https:\/\/cercina.pt\/web\/wp-json\/wp\/v2\/comments?post=4340"}],"version-history":[{"count":16,"href":"https:\/\/cercina.pt\/web\/wp-json\/wp\/v2\/pages\/4340\/revisions"}],"predecessor-version":[{"id":4406,"href":"https:\/\/cercina.pt\/web\/wp-json\/wp\/v2\/pages\/4340\/revisions\/4406"}],"wp:attachment":[{"href":"https:\/\/cercina.pt\/web\/wp-json\/wp\/v2\/media?parent=4340"}],"curies":[{"name":"wp","href":"https:\/\/api.w.org\/{rel}","templated":true}]}}