{"id":4144,"date":"2022-12-09T17:06:34","date_gmt":"2022-12-09T17:06:34","guid":{"rendered":"https:\/\/cercina.pt\/web\/?page_id=4144"},"modified":"2022-12-09T17:45:40","modified_gmt":"2022-12-09T17:45:40","slug":"caminhos-para-a-independencia","status":"publish","type":"page","link":"https:\/\/cercina.pt\/web\/caminhos-para-a-independencia\/","title":{"rendered":"Caminhos para a Vida Independente"},"content":{"rendered":"\t\t<div data-elementor-type=\"wp-page\" data-elementor-id=\"4144\" class=\"elementor elementor-4144\">\n\t\t\t\t\t\t\t\t\t<section class=\"elementor-section elementor-top-section elementor-element elementor-element-d4874a0 elementor-section-boxed elementor-section-height-default elementor-section-height-default\" data-id=\"d4874a0\" data-element_type=\"section\">\n\t\t\t\t\t\t<div class=\"elementor-container elementor-column-gap-default\">\n\t\t\t\t\t<div class=\"elementor-column elementor-col-50 elementor-top-column elementor-element elementor-element-709ad0b\" data-id=\"709ad0b\" data-element_type=\"column\">\n\t\t\t<div class=\"elementor-widget-wrap elementor-element-populated\">\n\t\t\t\t\t\t\t\t<div class=\"elementor-element elementor-element-2fd0fa4 elementor-widget elementor-widget-image\" data-id=\"2fd0fa4\" data-element_type=\"widget\" data-widget_type=\"image.default\">\n\t\t\t\t<div class=\"elementor-widget-container\">\n\t\t\t\t\t\t\t\t\t\t\t\t\t\t\t<img width=\"940\" height=\"788\" src=\"https:\/\/cercina.pt\/web\/wp-content\/uploads\/2022\/12\/INR_CaminhosVidaIndependente_cartaz.png\" class=\"attachment-large size-large wp-image-4145\" alt=\"\" srcset=\"https:\/\/cercina.pt\/web\/wp-content\/uploads\/2022\/12\/INR_CaminhosVidaIndependente_cartaz-200x168.png 200w, https:\/\/cercina.pt\/web\/wp-content\/uploads\/2022\/12\/INR_CaminhosVidaIndependente_cartaz-300x251.png 300w, https:\/\/cercina.pt\/web\/wp-content\/uploads\/2022\/12\/INR_CaminhosVidaIndependente_cartaz-400x335.png 400w, https:\/\/cercina.pt\/web\/wp-content\/uploads\/2022\/12\/INR_CaminhosVidaIndependente_cartaz-600x503.png 600w, https:\/\/cercina.pt\/web\/wp-content\/uploads\/2022\/12\/INR_CaminhosVidaIndependente_cartaz-768x644.png 768w, https:\/\/cercina.pt\/web\/wp-content\/uploads\/2022\/12\/INR_CaminhosVidaIndependente_cartaz-800x671.png 800w, https:\/\/cercina.pt\/web\/wp-content\/uploads\/2022\/12\/INR_CaminhosVidaIndependente_cartaz.png 940w\" sizes=\"(max-width: 940px) 100vw, 940px\" \/>\t\t\t\t\t\t\t\t\t\t\t\t\t\t\t<\/div>\n\t\t\t\t<\/div>\n\t\t\t\t\t<\/div>\n\t\t<\/div>\n\t\t\t\t<div class=\"elementor-column elementor-col-50 elementor-top-column elementor-element elementor-element-78bc5db\" data-id=\"78bc5db\" data-element_type=\"column\">\n\t\t\t<div class=\"elementor-widget-wrap elementor-element-populated\">\n\t\t\t\t\t\t\t\t<div class=\"elementor-element elementor-element-9cd4679 elementor-widget elementor-widget-text-editor\" data-id=\"9cd4679\" data-element_type=\"widget\" data-widget_type=\"text-editor.default\">\n\t\t\t\t<div class=\"elementor-widget-container\">\n\t\t\t\t\t\t\t<p>Durante o ano de 2022, a CERCINA promoveu o projeto &#8220;Caminhos para a Vida Independente&#8221;, co-financiado pelo INR &#8211; Instituto Nacional para a Reabilita\u00e7\u00e3o I.P.<br \/>No \u00e2mbito desta iniciativa, deu-se nova vida ao programa &#8220;A Voz da Igualdade&#8221;, emitido na R\u00e1dio Nazar\u00e9. Ao longo de v\u00e1rias semanas, temas relacionados com a promo\u00e7\u00e3o dos direiitos, capacita\u00e7\u00e3o e inclus\u00e3o estiveram em an\u00e1lise, por iniciativa e pela voz dos pr\u00f3prios benefici\u00e1rios.<\/p>\t\t\t\t\t\t<\/div>\n\t\t\t\t<\/div>\n\t\t\t\t\t<\/div>\n\t\t<\/div>\n\t\t\t\t\t\t\t<\/div>\n\t\t<\/section>\n\t\t\t\t<section class=\"elementor-section elementor-top-section elementor-element elementor-element-8d227ab elementor-section-boxed elementor-section-height-default elementor-section-height-default\" data-id=\"8d227ab\" data-element_type=\"section\">\n\t\t\t\t\t\t<div class=\"elementor-container elementor-column-gap-default\">\n\t\t\t\t\t<div class=\"elementor-column elementor-col-33 elementor-top-column elementor-element elementor-element-4c89751\" data-id=\"4c89751\" data-element_type=\"column\">\n\t\t\t<div class=\"elementor-widget-wrap elementor-element-populated\">\n\t\t\t\t\t\t\t\t<div class=\"elementor-element elementor-element-329a310 elementor-view-default elementor-widget elementor-widget-icon\" data-id=\"329a310\" data-element_type=\"widget\" data-widget_type=\"icon.default\">\n\t\t\t\t<div class=\"elementor-widget-container\">\n\t\t\t\t\t<div class=\"elementor-icon-wrapper\">\n\t\t\t<a class=\"elementor-icon\" href=\"https:\/\/cercina.pt\/web\/wp-content\/uploads\/2022\/12\/INR_CaminhosVidaIndependente_cartaz.png\">\n\t\t\t<i aria-hidden=\"true\" class=\"fas fa-download\"><\/i>\t\t\t<\/a>\n\t\t<\/div>\n\t\t\t\t<\/div>\n\t\t\t\t<\/div>\n\t\t\t\t\t<\/div>\n\t\t<\/div>\n\t\t\t\t<div class=\"elementor-column elementor-col-66 elementor-top-column elementor-element elementor-element-fe841e7\" data-id=\"fe841e7\" data-element_type=\"column\">\n\t\t\t<div class=\"elementor-widget-wrap elementor-element-populated\">\n\t\t\t\t\t\t\t\t<div class=\"elementor-element elementor-element-6f625f0 elementor-widget elementor-widget-text-editor\" data-id=\"6f625f0\" data-element_type=\"widget\" data-widget_type=\"text-editor.default\">\n\t\t\t\t<div class=\"elementor-widget-container\">\n\t\t\t\t\t\t\t<p>Cartaz de divulga\u00e7\u00e3o<\/p>\t\t\t\t\t\t<\/div>\n\t\t\t\t<\/div>\n\t\t\t\t\t<\/div>\n\t\t<\/div>\n\t\t\t\t\t\t\t<\/div>\n\t\t<\/section>\n\t\t\t\t<section class=\"elementor-section elementor-top-section elementor-element elementor-element-7919487 elementor-section-boxed elementor-section-height-default elementor-section-height-default\" data-id=\"7919487\" data-element_type=\"section\">\n\t\t\t\t\t\t<div class=\"elementor-container elementor-column-gap-default\">\n\t\t\t\t\t<div class=\"elementor-column elementor-col-33 elementor-top-column elementor-element elementor-element-9659c90\" data-id=\"9659c90\" data-element_type=\"column\">\n\t\t\t<div class=\"elementor-widget-wrap elementor-element-populated\">\n\t\t\t\t\t\t\t\t<div class=\"elementor-element elementor-element-6f72579 elementor-view-default elementor-widget elementor-widget-icon\" data-id=\"6f72579\" data-element_type=\"widget\" data-widget_type=\"icon.default\">\n\t\t\t\t<div class=\"elementor-widget-container\">\n\t\t\t\t\t<div class=\"elementor-icon-wrapper\">\n\t\t\t<a class=\"elementor-icon\" href=\"https:\/\/cercina.pt\/web\/wp-content\/uploads\/2022\/12\/Caminhos_para_a_vida_independente_SpotFinal.wav\">\n\t\t\t<i aria-hidden=\"true\" class=\"fas fa-headphones-alt\"><\/i>\t\t\t<\/a>\n\t\t<\/div>\n\t\t\t\t<\/div>\n\t\t\t\t<\/div>\n\t\t\t\t\t<\/div>\n\t\t<\/div>\n\t\t\t\t<div class=\"elementor-column elementor-col-66 elementor-top-column elementor-element elementor-element-31e9a5b\" data-id=\"31e9a5b\" data-element_type=\"column\">\n\t\t\t<div class=\"elementor-widget-wrap elementor-element-populated\">\n\t\t\t\t\t\t\t\t<div class=\"elementor-element elementor-element-e4349f5 elementor-widget elementor-widget-text-editor\" data-id=\"e4349f5\" data-element_type=\"widget\" data-widget_type=\"text-editor.default\">\n\t\t\t\t<div class=\"elementor-widget-container\">\n\t\t\t\t\t\t\t<p>Spot promocional<\/p>\t\t\t\t\t\t<\/div>\n\t\t\t\t<\/div>\n\t\t\t\t\t<\/div>\n\t\t<\/div>\n\t\t\t\t\t\t\t<\/div>\n\t\t<\/section>\n\t\t\t\t<section class=\"elementor-section elementor-top-section elementor-element elementor-element-424a3cc elementor-section-boxed elementor-section-height-default elementor-section-height-default\" data-id=\"424a3cc\" data-element_type=\"section\">\n\t\t\t\t\t\t<div class=\"elementor-container elementor-column-gap-default\">\n\t\t\t\t\t<div class=\"elementor-column elementor-col-33 elementor-top-column elementor-element elementor-element-ce6c92d\" data-id=\"ce6c92d\" data-element_type=\"column\">\n\t\t\t<div class=\"elementor-widget-wrap elementor-element-populated\">\n\t\t\t\t\t\t\t\t<div class=\"elementor-element elementor-element-d8dd972 elementor-view-default elementor-widget elementor-widget-icon\" data-id=\"d8dd972\" data-element_type=\"widget\" data-widget_type=\"icon.default\">\n\t\t\t\t<div class=\"elementor-widget-container\">\n\t\t\t\t\t<div class=\"elementor-icon-wrapper\">\n\t\t\t<div class=\"elementor-icon\">\n\t\t\t<i aria-hidden=\"true\" class=\"fas fa-video\"><\/i>\t\t\t<\/div>\n\t\t<\/div>\n\t\t\t\t<\/div>\n\t\t\t\t<\/div>\n\t\t\t\t\t<\/div>\n\t\t<\/div>\n\t\t\t\t<div class=\"elementor-column elementor-col-66 elementor-top-column elementor-element elementor-element-8654ae1\" data-id=\"8654ae1\" data-element_type=\"column\">\n\t\t\t<div class=\"elementor-widget-wrap elementor-element-populated\">\n\t\t\t\t\t\t\t\t<div class=\"elementor-element elementor-element-94d1849 elementor-widget elementor-widget-text-editor\" data-id=\"94d1849\" data-element_type=\"widget\" data-widget_type=\"text-editor.default\">\n\t\t\t\t<div class=\"elementor-widget-container\">\n\t\t\t\t\t\t\t<p>Biblioteca de imagens<\/p>\t\t\t\t\t\t<\/div>\n\t\t\t\t<\/div>\n\t\t\t\t\t<\/div>\n\t\t<\/div>\n\t\t\t\t\t\t\t<\/div>\n\t\t<\/section>\n\t\t\t\t\t\t\t<\/div>\n\t\t","protected":false},"excerpt":{"rendered":"<p>Durante o ano de 2022, a CERCINA promoveu o projeto &#8220;Caminhos para a Vida Independente&#8221;, co-financiado pelo INR &#8211; Instituto Nacional para a Reabilita\u00e7\u00e3o I.P.No \u00e2mbito desta iniciativa, deu-se nova vida ao programa &#8220;A Voz da Igualdade&#8221;, emitido na R\u00e1dio Nazar\u00e9. Ao longo de v\u00e1rias semanas, temas relacionados com a promo\u00e7\u00e3o dos direiitos, capacita\u00e7\u00e3o e [&hellip;]<\/p>\n","protected":false},"author":2,"featured_media":0,"parent":0,"menu_order":0,"comment_status":"closed","ping_status":"closed","template":"","meta":[],"_links":{"self":[{"href":"https:\/\/cercina.pt\/web\/wp-json\/wp\/v2\/pages\/4144"}],"collection":[{"href":"https:\/\/cercina.pt\/web\/wp-json\/wp\/v2\/pages"}],"about":[{"href":"https:\/\/cercina.pt\/web\/wp-json\/wp\/v2\/types\/page"}],"author":[{"embeddable":true,"href":"https:\/\/cercina.pt\/web\/wp-json\/wp\/v2\/users\/2"}],"replies":[{"embeddable":true,"href":"https:\/\/cercina.pt\/web\/wp-json\/wp\/v2\/comments?post=4144"}],"version-history":[{"count":7,"href":"https:\/\/cercina.pt\/web\/wp-json\/wp\/v2\/pages\/4144\/revisions"}],"predecessor-version":[{"id":4153,"href":"https:\/\/cercina.pt\/web\/wp-json\/wp\/v2\/pages\/4144\/revisions\/4153"}],"wp:attachment":[{"href":"https:\/\/cercina.pt\/web\/wp-json\/wp\/v2\/media?parent=4144"}],"curies":[{"name":"wp","href":"https:\/\/api.w.org\/{rel}","templated":true}]}}