{"id":4044,"date":"2022-07-15T16:12:10","date_gmt":"2022-07-15T16:12:10","guid":{"rendered":"https:\/\/cercina.pt\/web\/?page_id=4044"},"modified":"2022-07-15T16:12:50","modified_gmt":"2022-07-15T16:12:50","slug":"lar-residencial-solar-da-praia","status":"publish","type":"page","link":"https:\/\/cercina.pt\/web\/lar-residencial-solar-da-praia\/","title":{"rendered":"Lar Residencial &#8220;Solar da Praia&#8221;"},"content":{"rendered":"\t\t<div data-elementor-type=\"wp-page\" data-elementor-id=\"4044\" class=\"elementor elementor-4044\">\n\t\t\t\t\t\t\t\t\t<section class=\"elementor-section elementor-top-section elementor-element elementor-element-78f8ada elementor-section-boxed elementor-section-height-default elementor-section-height-default\" data-id=\"78f8ada\" data-element_type=\"section\">\n\t\t\t\t\t\t<div class=\"elementor-container elementor-column-gap-default\">\n\t\t\t\t\t<div class=\"elementor-column elementor-col-100 elementor-top-column elementor-element elementor-element-6490851\" data-id=\"6490851\" data-element_type=\"column\">\n\t\t\t<div class=\"elementor-widget-wrap elementor-element-populated\">\n\t\t\t\t\t\t\t\t<div class=\"elementor-element elementor-element-b357d15 elementor-widget elementor-widget-text-editor\" data-id=\"b357d15\" data-element_type=\"widget\" data-widget_type=\"text-editor.default\">\n\t\t\t\t<div class=\"elementor-widget-container\">\n\t\t\t\t\t\t\t<p>P\u00e1gina em atualiza\u00e7\u00e3o<\/p>\t\t\t\t\t\t<\/div>\n\t\t\t\t<\/div>\n\t\t\t\t\t<\/div>\n\t\t<\/div>\n\t\t\t\t\t\t\t<\/div>\n\t\t<\/section>\n\t\t\t\t\t\t\t<\/div>\n\t\t","protected":false},"excerpt":{"rendered":"<p>P\u00e1gina em atualiza\u00e7\u00e3o<\/p>\n","protected":false},"author":2,"featured_media":0,"parent":0,"menu_order":0,"comment_status":"closed","ping_status":"closed","template":"","meta":[],"_links":{"self":[{"href":"https:\/\/cercina.pt\/web\/wp-json\/wp\/v2\/pages\/4044"}],"collection":[{"href":"https:\/\/cercina.pt\/web\/wp-json\/wp\/v2\/pages"}],"about":[{"href":"https:\/\/cercina.pt\/web\/wp-json\/wp\/v2\/types\/page"}],"author":[{"embeddable":true,"href":"https:\/\/cercina.pt\/web\/wp-json\/wp\/v2\/users\/2"}],"replies":[{"embeddable":true,"href":"https:\/\/cercina.pt\/web\/wp-json\/wp\/v2\/comments?post=4044"}],"version-history":[{"count":3,"href":"https:\/\/cercina.pt\/web\/wp-json\/wp\/v2\/pages\/4044\/revisions"}],"predecessor-version":[{"id":4047,"href":"https:\/\/cercina.pt\/web\/wp-json\/wp\/v2\/pages\/4044\/revisions\/4047"}],"wp:attachment":[{"href":"https:\/\/cercina.pt\/web\/wp-json\/wp\/v2\/media?parent=4044"}],"curies":[{"name":"wp","href":"https:\/\/api.w.org\/{rel}","templated":true}]}}