{"id":4040,"date":"2022-07-15T16:10:33","date_gmt":"2022-07-15T16:10:33","guid":{"rendered":"https:\/\/cercina.pt\/web\/?page_id=4040"},"modified":"2022-07-15T16:11:37","modified_gmt":"2022-07-15T16:11:37","slug":"caci","status":"publish","type":"page","link":"https:\/\/cercina.pt\/web\/caci\/","title":{"rendered":"CACI"},"content":{"rendered":"\t\t<div data-elementor-type=\"wp-page\" data-elementor-id=\"4040\" class=\"elementor elementor-4040\">\n\t\t\t\t\t\t\t\t\t<section class=\"elementor-section elementor-top-section elementor-element elementor-element-37bedba elementor-section-boxed elementor-section-height-default elementor-section-height-default\" data-id=\"37bedba\" data-element_type=\"section\">\n\t\t\t\t\t\t<div class=\"elementor-container elementor-column-gap-default\">\n\t\t\t\t\t<div class=\"elementor-column elementor-col-100 elementor-top-column elementor-element elementor-element-563c3de\" data-id=\"563c3de\" data-element_type=\"column\">\n\t\t\t<div class=\"elementor-widget-wrap elementor-element-populated\">\n\t\t\t\t\t\t\t\t<div class=\"elementor-element elementor-element-f6e9fb2 elementor-widget elementor-widget-text-editor\" data-id=\"f6e9fb2\" data-element_type=\"widget\" data-widget_type=\"text-editor.default\">\n\t\t\t\t<div class=\"elementor-widget-container\">\n\t\t\t\t\t\t\t<p>Centro de Atividades e Capacita\u00e7\u00e3o para a Inclus\u00e3o<\/p><p>\u00a0<\/p><p>P\u00e1gina em atualiza\u00e7\u00e3o<\/p>\t\t\t\t\t\t<\/div>\n\t\t\t\t<\/div>\n\t\t\t\t\t<\/div>\n\t\t<\/div>\n\t\t\t\t\t\t\t<\/div>\n\t\t<\/section>\n\t\t\t\t\t\t\t<\/div>\n\t\t","protected":false},"excerpt":{"rendered":"<p>Centro de Atividades e Capacita\u00e7\u00e3o para a Inclus\u00e3o \u00a0 P\u00e1gina em atualiza\u00e7\u00e3o<\/p>\n","protected":false},"author":2,"featured_media":0,"parent":0,"menu_order":0,"comment_status":"closed","ping_status":"closed","template":"","meta":[],"_links":{"self":[{"href":"https:\/\/cercina.pt\/web\/wp-json\/wp\/v2\/pages\/4040"}],"collection":[{"href":"https:\/\/cercina.pt\/web\/wp-json\/wp\/v2\/pages"}],"about":[{"href":"https:\/\/cercina.pt\/web\/wp-json\/wp\/v2\/types\/page"}],"author":[{"embeddable":true,"href":"https:\/\/cercina.pt\/web\/wp-json\/wp\/v2\/users\/2"}],"replies":[{"embeddable":true,"href":"https:\/\/cercina.pt\/web\/wp-json\/wp\/v2\/comments?post=4040"}],"version-history":[{"count":3,"href":"https:\/\/cercina.pt\/web\/wp-json\/wp\/v2\/pages\/4040\/revisions"}],"predecessor-version":[{"id":4043,"href":"https:\/\/cercina.pt\/web\/wp-json\/wp\/v2\/pages\/4040\/revisions\/4043"}],"wp:attachment":[{"href":"https:\/\/cercina.pt\/web\/wp-json\/wp\/v2\/media?parent=4040"}],"curies":[{"name":"wp","href":"https:\/\/api.w.org\/{rel}","templated":true}]}}