{"id":4032,"date":"2022-07-15T16:07:30","date_gmt":"2022-07-15T16:07:30","guid":{"rendered":"https:\/\/cercina.pt\/web\/?page_id=4032"},"modified":"2025-02-07T14:46:49","modified_gmt":"2025-02-07T14:46:49","slug":"centro-qualifica","status":"publish","type":"page","link":"https:\/\/cercina.pt\/web\/centro-qualifica\/","title":{"rendered":"Centro Qualifica"},"content":{"rendered":"\t\t<div data-elementor-type=\"wp-page\" data-elementor-id=\"4032\" class=\"elementor elementor-4032\">\n\t\t\t\t\t\t\t\t\t<section class=\"elementor-section elementor-top-section elementor-element elementor-element-3616517 elementor-section-boxed elementor-section-height-default elementor-section-height-default\" data-id=\"3616517\" data-element_type=\"section\">\n\t\t\t\t\t\t<div class=\"elementor-container elementor-column-gap-default\">\n\t\t\t\t\t<div class=\"elementor-column elementor-col-100 elementor-top-column elementor-element elementor-element-b891cee\" data-id=\"b891cee\" data-element_type=\"column\">\n\t\t\t<div class=\"elementor-widget-wrap elementor-element-populated\">\n\t\t\t\t\t\t\t\t<div class=\"elementor-element elementor-element-f218faf elementor-widget elementor-widget-text-editor\" data-id=\"f218faf\" data-element_type=\"widget\" data-widget_type=\"text-editor.default\">\n\t\t\t\t<div class=\"elementor-widget-container\">\n\t\t\t\t\t\t\t<p><b>CENTRO QUALIFICA CERCINA<\/b><\/p>\t\t\t\t\t\t<\/div>\n\t\t\t\t<\/div>\n\t\t\t\t\t<\/div>\n\t\t<\/div>\n\t\t\t\t\t\t\t<\/div>\n\t\t<\/section>\n\t\t\t\t<section class=\"elementor-section elementor-top-section elementor-element elementor-element-92e4c25 elementor-section-boxed elementor-section-height-default elementor-section-height-default\" data-id=\"92e4c25\" data-element_type=\"section\">\n\t\t\t\t\t\t<div class=\"elementor-container elementor-column-gap-default\">\n\t\t\t\t\t<div class=\"elementor-column elementor-col-33 elementor-top-column elementor-element elementor-element-6f0dedb\" data-id=\"6f0dedb\" data-element_type=\"column\">\n\t\t\t<div class=\"elementor-widget-wrap elementor-element-populated\">\n\t\t\t\t\t\t\t\t<div class=\"elementor-element elementor-element-3b69442 elementor-widget elementor-widget-image\" data-id=\"3b69442\" data-element_type=\"widget\" data-widget_type=\"image.default\">\n\t\t\t\t<div class=\"elementor-widget-container\">\n\t\t\t\t\t\t\t\t\t\t\t\t\t\t\t<img width=\"1024\" height=\"622\" src=\"https:\/\/cercina.pt\/web\/wp-content\/uploads\/2025\/02\/CQ_CERCINA_novo_logo-1024x622.png\" class=\"attachment-large size-large wp-image-4303\" alt=\"Logotipo dos Centros Qualifica junto ao logotipo da CERCINA para identificar o Centro Qualifica Cercina\" srcset=\"https:\/\/cercina.pt\/web\/wp-content\/uploads\/2025\/02\/CQ_CERCINA_novo_logo-200x121.png 200w, https:\/\/cercina.pt\/web\/wp-content\/uploads\/2025\/02\/CQ_CERCINA_novo_logo-300x182.png 300w, https:\/\/cercina.pt\/web\/wp-content\/uploads\/2025\/02\/CQ_CERCINA_novo_logo-400x243.png 400w, https:\/\/cercina.pt\/web\/wp-content\/uploads\/2025\/02\/CQ_CERCINA_novo_logo-600x364.png 600w, https:\/\/cercina.pt\/web\/wp-content\/uploads\/2025\/02\/CQ_CERCINA_novo_logo-768x466.png 768w, https:\/\/cercina.pt\/web\/wp-content\/uploads\/2025\/02\/CQ_CERCINA_novo_logo-800x486.png 800w, https:\/\/cercina.pt\/web\/wp-content\/uploads\/2025\/02\/CQ_CERCINA_novo_logo-1024x622.png 1024w, https:\/\/cercina.pt\/web\/wp-content\/uploads\/2025\/02\/CQ_CERCINA_novo_logo-1200x729.png 1200w, https:\/\/cercina.pt\/web\/wp-content\/uploads\/2025\/02\/CQ_CERCINA_novo_logo-1536x933.png 1536w\" sizes=\"(max-width: 1024px) 100vw, 1024px\" \/>\t\t\t\t\t\t\t\t\t\t\t\t\t\t\t<\/div>\n\t\t\t\t<\/div>\n\t\t\t\t\t<\/div>\n\t\t<\/div>\n\t\t\t\t<div class=\"elementor-column elementor-col-66 elementor-top-column elementor-element elementor-element-fbd2c9a\" data-id=\"fbd2c9a\" data-element_type=\"column\">\n\t\t\t<div class=\"elementor-widget-wrap elementor-element-populated\">\n\t\t\t\t\t\t\t\t<div class=\"elementor-element elementor-element-061d628 elementor-widget elementor-widget-text-editor\" data-id=\"061d628\" data-element_type=\"widget\" data-widget_type=\"text-editor.default\">\n\t\t\t\t<div class=\"elementor-widget-container\">\n\t\t\t\t\t\t\t<p>O Centro Qualifica (CQ) CERCINA tem como objetivo elevar os n\u00edveis de qualifica\u00e7\u00e3o da popula\u00e7\u00e3o adulta, desenvolvendo compet\u00eancias de motiva\u00e7\u00e3o para a Aprendizagem ao Longo da Vida, contribuindo para a atualiza\u00e7\u00e3o do conhecimento, das aptid\u00f5es e compet\u00eancias dos candidatos abrangidos, atrav\u00e9s da promo\u00e7\u00e3o de percursos de aprendizagem flex\u00edveis, orienta\u00e7\u00e3o profissional e o reconhecimento de compet\u00eancias, escolares e profissionais.<\/p><p>O CQ CERCINA procura responder \u00e0s necessidades qualificativas, tanto da popula\u00e7\u00e3o ativa empregada, como das pessoas em situa\u00e7\u00e3o de desemprego, procurando aumentar as suas qualifica\u00e7\u00f5es para facilitar uma reinser\u00e7\u00e3o no mercado de trabalho.\u00a0<\/p>\t\t\t\t\t\t<\/div>\n\t\t\t\t<\/div>\n\t\t\t\t\t<\/div>\n\t\t<\/div>\n\t\t\t\t\t\t\t<\/div>\n\t\t<\/section>\n\t\t\t\t<section class=\"elementor-section elementor-top-section elementor-element elementor-element-dc1b210 elementor-section-boxed elementor-section-height-default elementor-section-height-default\" data-id=\"dc1b210\" data-element_type=\"section\">\n\t\t\t\t\t\t<div class=\"elementor-container elementor-column-gap-default\">\n\t\t\t\t\t<div class=\"elementor-column elementor-col-33 elementor-top-column elementor-element elementor-element-6fc67d9\" data-id=\"6fc67d9\" data-element_type=\"column\">\n\t\t\t<div class=\"elementor-widget-wrap elementor-element-populated\">\n\t\t\t\t\t\t\t\t<div class=\"elementor-element elementor-element-07f5534 elementor-widget elementor-widget-image\" data-id=\"07f5534\" data-element_type=\"widget\" data-widget_type=\"image.default\">\n\t\t\t\t<div class=\"elementor-widget-container\">\n\t\t\t\t\t\t\t\t\t\t\t\t\t\t\t<img width=\"1024\" height=\"223\" src=\"https:\/\/cercina.pt\/web\/wp-content\/uploads\/2025\/02\/PESSOAS2030_BarraCofinan_Designacao_Ass_RGB_120cm-1024x223.png\" class=\"attachment-large size-large wp-image-4307\" alt=\"\" srcset=\"https:\/\/cercina.pt\/web\/wp-content\/uploads\/2025\/02\/PESSOAS2030_BarraCofinan_Designacao_Ass_RGB_120cm-200x44.png 200w, https:\/\/cercina.pt\/web\/wp-content\/uploads\/2025\/02\/PESSOAS2030_BarraCofinan_Designacao_Ass_RGB_120cm-300x65.png 300w, https:\/\/cercina.pt\/web\/wp-content\/uploads\/2025\/02\/PESSOAS2030_BarraCofinan_Designacao_Ass_RGB_120cm-400x87.png 400w, https:\/\/cercina.pt\/web\/wp-content\/uploads\/2025\/02\/PESSOAS2030_BarraCofinan_Designacao_Ass_RGB_120cm-600x131.png 600w, https:\/\/cercina.pt\/web\/wp-content\/uploads\/2025\/02\/PESSOAS2030_BarraCofinan_Designacao_Ass_RGB_120cm-768x167.png 768w, https:\/\/cercina.pt\/web\/wp-content\/uploads\/2025\/02\/PESSOAS2030_BarraCofinan_Designacao_Ass_RGB_120cm-800x174.png 800w, https:\/\/cercina.pt\/web\/wp-content\/uploads\/2025\/02\/PESSOAS2030_BarraCofinan_Designacao_Ass_RGB_120cm-1024x223.png 1024w, https:\/\/cercina.pt\/web\/wp-content\/uploads\/2025\/02\/PESSOAS2030_BarraCofinan_Designacao_Ass_RGB_120cm-1200x261.png 1200w, https:\/\/cercina.pt\/web\/wp-content\/uploads\/2025\/02\/PESSOAS2030_BarraCofinan_Designacao_Ass_RGB_120cm-1536x335.png 1536w\" sizes=\"(max-width: 1024px) 100vw, 1024px\" \/>\t\t\t\t\t\t\t\t\t\t\t\t\t\t\t<\/div>\n\t\t\t\t<\/div>\n\t\t\t\t\t<\/div>\n\t\t<\/div>\n\t\t\t\t<div class=\"elementor-column elementor-col-66 elementor-top-column elementor-element elementor-element-5fe8b5e\" data-id=\"5fe8b5e\" data-element_type=\"column\">\n\t\t\t<div class=\"elementor-widget-wrap elementor-element-populated\">\n\t\t\t\t\t\t\t\t<div class=\"elementor-element elementor-element-03b5632 elementor-widget elementor-widget-text-editor\" data-id=\"03b5632\" data-element_type=\"widget\" data-widget_type=\"text-editor.default\">\n\t\t\t\t<div class=\"elementor-widget-container\">\n\t\t\t\t\t\t\t<p>Enquadra-se no Programa Tem\u00e1tico Demografia, Qualifica\u00e7\u00f5es e Inclus\u00e3o &#8211; PESSOAS 2030, o programa tem\u00e1tico do Portugal 2030.<\/p>\t\t\t\t\t\t<\/div>\n\t\t\t\t<\/div>\n\t\t\t\t\t<\/div>\n\t\t<\/div>\n\t\t\t\t\t\t\t<\/div>\n\t\t<\/section>\n\t\t\t\t<section class=\"elementor-section elementor-top-section elementor-element elementor-element-be39091 elementor-section-boxed elementor-section-height-default elementor-section-height-default\" data-id=\"be39091\" data-element_type=\"section\">\n\t\t\t\t\t\t<div class=\"elementor-container elementor-column-gap-default\">\n\t\t\t\t\t<div class=\"elementor-column elementor-col-33 elementor-top-column elementor-element elementor-element-e7a3449\" data-id=\"e7a3449\" data-element_type=\"column\">\n\t\t\t<div class=\"elementor-widget-wrap elementor-element-populated\">\n\t\t\t\t\t\t\t\t<div class=\"elementor-element elementor-element-4c33ea6 elementor-widget elementor-widget-button\" data-id=\"4c33ea6\" data-element_type=\"widget\" data-widget_type=\"button.default\">\n\t\t\t\t<div class=\"elementor-widget-container\">\n\t\t\t\t\t<div class=\"elementor-button-wrapper\">\n\t\t\t<a href=\"https:\/\/cercina.pt\/web\/wp-content\/uploads\/2025\/02\/Ficha-de-Operacao_CERCINA.pdf\" class=\"elementor-button-link elementor-button elementor-size-sm\" role=\"button\">\n\t\t\t\t\t\t<span class=\"elementor-button-content-wrapper\">\n\t\t\t\t\t\t<span class=\"elementor-button-text\">Clique aqui<\/span>\n\t\t<\/span>\n\t\t\t\t\t<\/a>\n\t\t<\/div>\n\t\t\t\t<\/div>\n\t\t\t\t<\/div>\n\t\t\t\t\t<\/div>\n\t\t<\/div>\n\t\t\t\t<div class=\"elementor-column elementor-col-66 elementor-top-column elementor-element elementor-element-0638d9b\" data-id=\"0638d9b\" data-element_type=\"column\">\n\t\t\t<div class=\"elementor-widget-wrap elementor-element-populated\">\n\t\t\t\t\t\t\t\t<div class=\"elementor-element elementor-element-e923c58 elementor-widget elementor-widget-text-editor\" data-id=\"e923c58\" data-element_type=\"widget\" data-widget_type=\"text-editor.default\">\n\t\t\t\t<div class=\"elementor-widget-container\">\n\t\t\t\t\t\t\t<p>Ficha de Opera\u00e7\u00e3o CQ CERCINA<\/p>\t\t\t\t\t\t<\/div>\n\t\t\t\t<\/div>\n\t\t\t\t\t<\/div>\n\t\t<\/div>\n\t\t\t\t\t\t\t<\/div>\n\t\t<\/section>\n\t\t\t\t\t\t\t<\/div>\n\t\t","protected":false},"excerpt":{"rendered":"<p>CENTRO QUALIFICA CERCINA O Centro Qualifica (CQ) CERCINA tem como objetivo elevar os n\u00edveis de qualifica\u00e7\u00e3o da popula\u00e7\u00e3o adulta, desenvolvendo compet\u00eancias de motiva\u00e7\u00e3o para a Aprendizagem ao Longo da Vida, contribuindo para a atualiza\u00e7\u00e3o do conhecimento, das aptid\u00f5es e compet\u00eancias dos candidatos abrangidos, atrav\u00e9s da promo\u00e7\u00e3o de percursos de aprendizagem flex\u00edveis, orienta\u00e7\u00e3o profissional e o [&hellip;]<\/p>\n","protected":false},"author":2,"featured_media":0,"parent":0,"menu_order":0,"comment_status":"closed","ping_status":"closed","template":"","meta":[],"_links":{"self":[{"href":"https:\/\/cercina.pt\/web\/wp-json\/wp\/v2\/pages\/4032"}],"collection":[{"href":"https:\/\/cercina.pt\/web\/wp-json\/wp\/v2\/pages"}],"about":[{"href":"https:\/\/cercina.pt\/web\/wp-json\/wp\/v2\/types\/page"}],"author":[{"embeddable":true,"href":"https:\/\/cercina.pt\/web\/wp-json\/wp\/v2\/users\/2"}],"replies":[{"embeddable":true,"href":"https:\/\/cercina.pt\/web\/wp-json\/wp\/v2\/comments?post=4032"}],"version-history":[{"count":18,"href":"https:\/\/cercina.pt\/web\/wp-json\/wp\/v2\/pages\/4032\/revisions"}],"predecessor-version":[{"id":4320,"href":"https:\/\/cercina.pt\/web\/wp-json\/wp\/v2\/pages\/4032\/revisions\/4320"}],"wp:attachment":[{"href":"https:\/\/cercina.pt\/web\/wp-json\/wp\/v2\/media?parent=4032"}],"curies":[{"name":"wp","href":"https:\/\/api.w.org\/{rel}","templated":true}]}}