{"id":3431,"date":"2020-12-28T16:03:25","date_gmt":"2020-12-28T16:03:25","guid":{"rendered":"https:\/\/cercina.pt\/web\/?page_id=3431"},"modified":"2026-03-19T22:44:13","modified_gmt":"2026-03-19T22:44:13","slug":"projetos-internacionais","status":"publish","type":"page","link":"https:\/\/cercina.pt\/web\/projetos\/projetos-internacionais\/","title":{"rendered":"Projetos Internacionais"},"content":{"rendered":"\t\t<div data-elementor-type=\"wp-page\" data-elementor-id=\"3431\" class=\"elementor elementor-3431\">\n\t\t\t\t\t\t\t\t\t<section class=\"elementor-section elementor-top-section elementor-element elementor-element-dd35a06 elementor-section-boxed elementor-section-height-default elementor-section-height-default\" data-id=\"dd35a06\" data-element_type=\"section\">\n\t\t\t\t\t\t<div class=\"elementor-container elementor-column-gap-default\">\n\t\t\t\t\t<div class=\"elementor-column elementor-col-50 elementor-top-column elementor-element elementor-element-d385a49\" data-id=\"d385a49\" data-element_type=\"column\">\n\t\t\t<div class=\"elementor-widget-wrap elementor-element-populated\">\n\t\t\t\t\t\t\t\t<div class=\"elementor-element elementor-element-f8f5591 elementor-widget elementor-widget-image\" data-id=\"f8f5591\" data-element_type=\"widget\" data-widget_type=\"image.default\">\n\t\t\t\t<div class=\"elementor-widget-container\">\n\t\t\t\t\t\t\t\t\t\t\t\t\t\t\t\t<a href=\"https:\/\/cercina.pt\/web\/house-solutions-for-independent-living\/\">\n\t\t\t\t\t\t\t<img width=\"393\" height=\"272\" src=\"https:\/\/cercina.pt\/web\/wp-content\/uploads\/2026\/03\/Housing4all.png\" class=\"attachment-large size-large wp-image-4426\" alt=\"O logotipo do projeto mostra um conjunto de tra\u00e7os coloridos em forma de casa e a frase em ingl\u00eas Housing Solutions for Independent Living\" srcset=\"https:\/\/cercina.pt\/web\/wp-content\/uploads\/2026\/03\/Housing4all-200x138.png 200w, https:\/\/cercina.pt\/web\/wp-content\/uploads\/2026\/03\/Housing4all-300x208.png 300w, https:\/\/cercina.pt\/web\/wp-content\/uploads\/2026\/03\/Housing4all.png 393w\" sizes=\"(max-width: 393px) 100vw, 393px\" \/>\t\t\t\t\t\t\t\t<\/a>\n\t\t\t\t\t\t\t\t\t\t\t\t\t\t\t<\/div>\n\t\t\t\t<\/div>\n\t\t\t\t\t<\/div>\n\t\t<\/div>\n\t\t\t\t<div class=\"elementor-column elementor-col-50 elementor-top-column elementor-element elementor-element-36c314d\" data-id=\"36c314d\" data-element_type=\"column\">\n\t\t\t<div class=\"elementor-widget-wrap elementor-element-populated\">\n\t\t\t\t\t\t\t\t<div class=\"elementor-element elementor-element-3b926d7 elementor-widget elementor-widget-image\" data-id=\"3b926d7\" data-element_type=\"widget\" data-widget_type=\"image.default\">\n\t\t\t\t<div class=\"elementor-widget-container\">\n\t\t\t\t\t\t\t\t\t\t\t\t\t\t\t\t<a href=\"https:\/\/cercina.pt\/web\/jovens-embaixadores-da-convencao-das-nacoes-unidas-sobre-os-direitos-das-pessoas-com-deficiencia\/\">\n\t\t\t\t\t\t\t<img width=\"695\" height=\"413\" src=\"https:\/\/cercina.pt\/web\/wp-content\/uploads\/2026\/03\/YoungEmbassadors.png\" class=\"attachment-large size-large wp-image-4427\" alt=\"Logotipo colorido com a frase em ingl\u00eas Young Ambassadors para a Conven\u00e7\u00e3o das Na\u00e7\u00f5es Unidas sobre os Direitos das Pessoas com Defici\u00eancia\" srcset=\"https:\/\/cercina.pt\/web\/wp-content\/uploads\/2026\/03\/YoungEmbassadors-200x119.png 200w, https:\/\/cercina.pt\/web\/wp-content\/uploads\/2026\/03\/YoungEmbassadors-300x178.png 300w, https:\/\/cercina.pt\/web\/wp-content\/uploads\/2026\/03\/YoungEmbassadors-400x238.png 400w, https:\/\/cercina.pt\/web\/wp-content\/uploads\/2026\/03\/YoungEmbassadors-600x357.png 600w, https:\/\/cercina.pt\/web\/wp-content\/uploads\/2026\/03\/YoungEmbassadors.png 695w\" sizes=\"(max-width: 695px) 100vw, 695px\" \/>\t\t\t\t\t\t\t\t<\/a>\n\t\t\t\t\t\t\t\t\t\t\t\t\t\t\t<\/div>\n\t\t\t\t<\/div>\n\t\t\t\t\t<\/div>\n\t\t<\/div>\n\t\t\t\t\t\t\t<\/div>\n\t\t<\/section>\n\t\t\t\t\t\t\t<\/div>\n\t\t","protected":false},"excerpt":{"rendered":"","protected":false},"author":1,"featured_media":0,"parent":3423,"menu_order":0,"comment_status":"closed","ping_status":"closed","template":"","meta":[],"_links":{"self":[{"href":"https:\/\/cercina.pt\/web\/wp-json\/wp\/v2\/pages\/3431"}],"collection":[{"href":"https:\/\/cercina.pt\/web\/wp-json\/wp\/v2\/pages"}],"about":[{"href":"https:\/\/cercina.pt\/web\/wp-json\/wp\/v2\/types\/page"}],"author":[{"embeddable":true,"href":"https:\/\/cercina.pt\/web\/wp-json\/wp\/v2\/users\/1"}],"replies":[{"embeddable":true,"href":"https:\/\/cercina.pt\/web\/wp-json\/wp\/v2\/comments?post=3431"}],"version-history":[{"count":16,"href":"https:\/\/cercina.pt\/web\/wp-json\/wp\/v2\/pages\/3431\/revisions"}],"predecessor-version":[{"id":4445,"href":"https:\/\/cercina.pt\/web\/wp-json\/wp\/v2\/pages\/3431\/revisions\/4445"}],"up":[{"embeddable":true,"href":"https:\/\/cercina.pt\/web\/wp-json\/wp\/v2\/pages\/3423"}],"wp:attachment":[{"href":"https:\/\/cercina.pt\/web\/wp-json\/wp\/v2\/media?parent=3431"}],"curies":[{"name":"wp","href":"https:\/\/api.w.org\/{rel}","templated":true}]}}