{"id":3425,"date":"2020-12-28T16:01:49","date_gmt":"2020-12-28T16:01:49","guid":{"rendered":"https:\/\/cercina.pt\/web\/?page_id=3425"},"modified":"2022-06-28T11:46:47","modified_gmt":"2022-06-28T11:46:47","slug":"caaao","status":"publish","type":"page","link":"https:\/\/cercina.pt\/web\/projetos\/caaao\/","title":{"rendered":"CAAAO"},"content":{"rendered":"\t\t<div data-elementor-type=\"wp-page\" data-elementor-id=\"3425\" class=\"elementor elementor-3425\">\n\t\t\t\t\t\t\t\t\t<section class=\"elementor-section elementor-top-section elementor-element elementor-element-52cbe9f7 elementor-section-boxed elementor-section-height-default elementor-section-height-default\" data-id=\"52cbe9f7\" data-element_type=\"section\">\n\t\t\t\t\t\t<div class=\"elementor-container elementor-column-gap-default\">\n\t\t\t\t\t<div class=\"elementor-column elementor-col-100 elementor-top-column elementor-element elementor-element-397d70e3\" data-id=\"397d70e3\" data-element_type=\"column\">\n\t\t\t<div class=\"elementor-widget-wrap elementor-element-populated\">\n\t\t\t\t\t\t\t\t<div class=\"elementor-element elementor-element-6fbc4802 elementor-widget elementor-widget-text-editor\" data-id=\"6fbc4802\" data-element_type=\"widget\" data-widget_type=\"text-editor.default\">\n\t\t\t\t<div class=\"elementor-widget-container\">\n\t\t\t\t\t\t\t<h4>Centro de Atividades Aqu\u00e1ticas Adaptadas do OESTE<\/h4>\t\t\t\t\t\t<\/div>\n\t\t\t\t<\/div>\n\t\t\t\t\t<\/div>\n\t\t<\/div>\n\t\t\t\t\t\t\t<\/div>\n\t\t<\/section>\n\t\t\t\t<section class=\"elementor-section elementor-top-section elementor-element elementor-element-65e40cc elementor-section-boxed elementor-section-height-default elementor-section-height-default\" data-id=\"65e40cc\" data-element_type=\"section\">\n\t\t\t\t\t\t<div class=\"elementor-container elementor-column-gap-default\">\n\t\t\t\t\t<div class=\"elementor-column elementor-col-100 elementor-top-column elementor-element elementor-element-b0958e8\" data-id=\"b0958e8\" data-element_type=\"column\">\n\t\t\t<div class=\"elementor-widget-wrap elementor-element-populated\">\n\t\t\t\t\t\t\t\t<div class=\"elementor-element elementor-element-efe6a87 elementor-widget elementor-widget-text-editor\" data-id=\"efe6a87\" data-element_type=\"widget\" data-widget_type=\"text-editor.default\">\n\t\t\t\t<div class=\"elementor-widget-container\">\n\t\t\t\t\t\t\t<p>Local: Porto da Nazar\u00e9 \u2013 Armaz\u00e9m 55<br \/><span style=\"color: var( --e-global-color-text ); font-family: var( --e-global-typography-text-font-family ), Sans-serif; font-weight: var( --e-global-typography-text-font-weight ); letter-spacing: 0px;\">Contacto: 262 562 595<\/span><\/p><p>\u00a0<\/p><p>O Centro de Atividades Aqu\u00e1ticas Adaptadas do Oeste \u00e9 uma val\u00eancia da CERCINA que surgiu na sequ\u00eancia do trabalho realizado nas \u00e1reas terap\u00eautica (reabilita\u00e7\u00e3o) e ocupacional em meio aqu\u00e1tico.<\/p><p>Situando-se a CERCINA numa localidade \u00e0 beira mar, onde as idas \u00e0 praia e o usufruto do mar s\u00e3o uma constante, tornou-se necess\u00e1rio o desenvolvimento de a\u00e7\u00f5es de capacita\u00e7\u00e3o das pessoas apoiadas para uma pr\u00e1tica segura destas atividades.<\/p><p>Uma candidatura ao PROMAR, atrav\u00e9s do GAC Oeste (Grupo de A\u00e7\u00e3o Costeira), permitiu a aquisi\u00e7\u00e3o de embarca\u00e7\u00f5es e equipamentos para a pr\u00e1tica de atividades n\u00e1uticas adaptadas como a vela, canoagem, surf e mergulho, tendo por base as instala\u00e7\u00f5es doadas \u00e0 CERCINA no porto de abrigo da Nazar\u00e9 (Armaz\u00e9m 55).<\/p><p>Para al\u00e9m de serem usados regularmente pelos participantes da CERCINA, no \u00e2mbito do seu plano individual de capacita\u00e7\u00e3o, estes recursos s\u00e3o colocados \u00e0 disposi\u00e7\u00e3o de organiza\u00e7\u00f5es cong\u00e9neres, escolas e \u00e0 comunidade em geral, sob solicita\u00e7\u00e3o pr\u00e9via.<\/p>\t\t\t\t\t\t<\/div>\n\t\t\t\t<\/div>\n\t\t\t\t\t<\/div>\n\t\t<\/div>\n\t\t\t\t\t\t\t<\/div>\n\t\t<\/section>\n\t\t\t\t<section class=\"elementor-section elementor-top-section elementor-element elementor-element-2d1842e elementor-section-boxed elementor-section-height-default elementor-section-height-default\" data-id=\"2d1842e\" data-element_type=\"section\">\n\t\t\t\t\t\t<div class=\"elementor-container elementor-column-gap-default\">\n\t\t\t\t\t<div class=\"elementor-column elementor-col-33 elementor-top-column elementor-element elementor-element-3868f1f\" data-id=\"3868f1f\" data-element_type=\"column\">\n\t\t\t<div class=\"elementor-widget-wrap elementor-element-populated\">\n\t\t\t\t\t\t\t\t<div class=\"elementor-element elementor-element-0487f67 elementor-widget elementor-widget-image\" data-id=\"0487f67\" data-element_type=\"widget\" data-widget_type=\"image.default\">\n\t\t\t\t<div class=\"elementor-widget-container\">\n\t\t\t\t\t\t\t\t\t\t\t\t\t\t\t<img width=\"700\" height=\"441\" src=\"https:\/\/cercina.pt\/web\/wp-content\/uploads\/2022\/06\/armazem55_interior_net-700x441.jpg\" class=\"attachment-recent-posts size-recent-posts wp-image-3986\" alt=\"\" srcset=\"https:\/\/cercina.pt\/web\/wp-content\/uploads\/2022\/06\/armazem55_interior_net-320x202.jpg 320w, https:\/\/cercina.pt\/web\/wp-content\/uploads\/2022\/06\/armazem55_interior_net-700x441.jpg 700w\" sizes=\"(max-width: 700px) 100vw, 700px\" \/>\t\t\t\t\t\t\t\t\t\t\t\t\t\t\t<\/div>\n\t\t\t\t<\/div>\n\t\t\t\t\t<\/div>\n\t\t<\/div>\n\t\t\t\t<div class=\"elementor-column elementor-col-33 elementor-top-column elementor-element elementor-element-ec713ff\" data-id=\"ec713ff\" data-element_type=\"column\">\n\t\t\t<div class=\"elementor-widget-wrap elementor-element-populated\">\n\t\t\t\t\t\t\t\t<div class=\"elementor-element elementor-element-c675b30 elementor-widget elementor-widget-image\" data-id=\"c675b30\" data-element_type=\"widget\" data-widget_type=\"image.default\">\n\t\t\t\t<div class=\"elementor-widget-container\">\n\t\t\t\t\t\t\t\t\t\t\t\t\t\t\t<img width=\"705\" height=\"441\" src=\"https:\/\/cercina.pt\/web\/wp-content\/uploads\/2022\/06\/canoagem_papSMP_05_net.jpg\" class=\"attachment-large size-large wp-image-3985\" alt=\"\" srcset=\"https:\/\/cercina.pt\/web\/wp-content\/uploads\/2022\/06\/canoagem_papSMP_05_net-200x125.jpg 200w, https:\/\/cercina.pt\/web\/wp-content\/uploads\/2022\/06\/canoagem_papSMP_05_net-300x188.jpg 300w, https:\/\/cercina.pt\/web\/wp-content\/uploads\/2022\/06\/canoagem_papSMP_05_net-400x250.jpg 400w, https:\/\/cercina.pt\/web\/wp-content\/uploads\/2022\/06\/canoagem_papSMP_05_net-600x375.jpg 600w, https:\/\/cercina.pt\/web\/wp-content\/uploads\/2022\/06\/canoagem_papSMP_05_net.jpg 705w\" sizes=\"(max-width: 705px) 100vw, 705px\" \/>\t\t\t\t\t\t\t\t\t\t\t\t\t\t\t<\/div>\n\t\t\t\t<\/div>\n\t\t\t\t\t<\/div>\n\t\t<\/div>\n\t\t\t\t<div class=\"elementor-column elementor-col-33 elementor-top-column elementor-element elementor-element-0dc8f3b\" data-id=\"0dc8f3b\" data-element_type=\"column\">\n\t\t\t<div class=\"elementor-widget-wrap elementor-element-populated\">\n\t\t\t\t\t\t\t\t<div class=\"elementor-element elementor-element-d6d3a86 elementor-widget elementor-widget-image\" data-id=\"d6d3a86\" data-element_type=\"widget\" data-widget_type=\"image.default\">\n\t\t\t\t<div class=\"elementor-widget-container\">\n\t\t\t\t\t\t\t\t\t\t\t\t\t\t\t<img width=\"700\" height=\"450\" src=\"https:\/\/cercina.pt\/web\/wp-content\/uploads\/2022\/06\/WiC2019_net.jpg\" class=\"attachment-large size-large wp-image-3984\" alt=\"\" srcset=\"https:\/\/cercina.pt\/web\/wp-content\/uploads\/2022\/06\/WiC2019_net-200x129.jpg 200w, https:\/\/cercina.pt\/web\/wp-content\/uploads\/2022\/06\/WiC2019_net-300x193.jpg 300w, https:\/\/cercina.pt\/web\/wp-content\/uploads\/2022\/06\/WiC2019_net-400x257.jpg 400w, https:\/\/cercina.pt\/web\/wp-content\/uploads\/2022\/06\/WiC2019_net-460x295.jpg 460w, https:\/\/cercina.pt\/web\/wp-content\/uploads\/2022\/06\/WiC2019_net-600x386.jpg 600w, https:\/\/cercina.pt\/web\/wp-content\/uploads\/2022\/06\/WiC2019_net.jpg 700w\" sizes=\"(max-width: 700px) 100vw, 700px\" \/>\t\t\t\t\t\t\t\t\t\t\t\t\t\t\t<\/div>\n\t\t\t\t<\/div>\n\t\t\t\t\t<\/div>\n\t\t<\/div>\n\t\t\t\t\t\t\t<\/div>\n\t\t<\/section>\n\t\t\t\t\t\t\t<\/div>\n\t\t","protected":false},"excerpt":{"rendered":"<p>Centro de Atividades Aqu\u00e1ticas Adaptadas do OESTE Local: Porto da Nazar\u00e9 \u2013 Armaz\u00e9m 55Contacto: 262 562 595 \u00a0 O Centro de Atividades Aqu\u00e1ticas Adaptadas do Oeste \u00e9 uma val\u00eancia da CERCINA que surgiu na sequ\u00eancia do trabalho realizado nas \u00e1reas terap\u00eautica (reabilita\u00e7\u00e3o) e ocupacional em meio aqu\u00e1tico. Situando-se a CERCINA numa localidade \u00e0 beira mar, [&hellip;]<\/p>\n","protected":false},"author":1,"featured_media":0,"parent":3423,"menu_order":0,"comment_status":"closed","ping_status":"closed","template":"","meta":[],"_links":{"self":[{"href":"https:\/\/cercina.pt\/web\/wp-json\/wp\/v2\/pages\/3425"}],"collection":[{"href":"https:\/\/cercina.pt\/web\/wp-json\/wp\/v2\/pages"}],"about":[{"href":"https:\/\/cercina.pt\/web\/wp-json\/wp\/v2\/types\/page"}],"author":[{"embeddable":true,"href":"https:\/\/cercina.pt\/web\/wp-json\/wp\/v2\/users\/1"}],"replies":[{"embeddable":true,"href":"https:\/\/cercina.pt\/web\/wp-json\/wp\/v2\/comments?post=3425"}],"version-history":[{"count":10,"href":"https:\/\/cercina.pt\/web\/wp-json\/wp\/v2\/pages\/3425\/revisions"}],"predecessor-version":[{"id":3989,"href":"https:\/\/cercina.pt\/web\/wp-json\/wp\/v2\/pages\/3425\/revisions\/3989"}],"up":[{"embeddable":true,"href":"https:\/\/cercina.pt\/web\/wp-json\/wp\/v2\/pages\/3423"}],"wp:attachment":[{"href":"https:\/\/cercina.pt\/web\/wp-json\/wp\/v2\/media?parent=3425"}],"curies":[{"name":"wp","href":"https:\/\/api.w.org\/{rel}","templated":true}]}}