{"id":3394,"date":"2020-12-28T15:47:07","date_gmt":"2020-12-28T15:47:07","guid":{"rendered":"https:\/\/cercina.pt\/web\/?page_id=3394"},"modified":"2024-03-20T12:06:30","modified_gmt":"2024-03-20T12:06:30","slug":"a-equipa","status":"publish","type":"page","link":"https:\/\/cercina.pt\/web\/acerca-de-nos\/a-equipa\/","title":{"rendered":"A Equipa"},"content":{"rendered":"\t\t<div data-elementor-type=\"wp-page\" data-elementor-id=\"3394\" class=\"elementor elementor-3394\">\n\t\t\t\t\t\t\t\t\t<section class=\"elementor-section elementor-top-section elementor-element elementor-element-23b1fba elementor-section-boxed elementor-section-height-default elementor-section-height-default\" data-id=\"23b1fba\" data-element_type=\"section\">\n\t\t\t\t\t\t<div class=\"elementor-container elementor-column-gap-default\">\n\t\t\t\t\t<div class=\"elementor-column elementor-col-25 elementor-top-column elementor-element elementor-element-189a968\" data-id=\"189a968\" data-element_type=\"column\">\n\t\t\t<div class=\"elementor-widget-wrap elementor-element-populated\">\n\t\t\t\t\t\t\t\t<div class=\"elementor-element elementor-element-be70296 elementor-view-default elementor-widget elementor-widget-icon\" data-id=\"be70296\" data-element_type=\"widget\" data-widget_type=\"icon.default\">\n\t\t\t\t<div class=\"elementor-widget-container\">\n\t\t\t\t\t<div class=\"elementor-icon-wrapper\">\n\t\t\t<div class=\"elementor-icon elementor-animation-pulse\">\n\t\t\t<i aria-hidden=\"true\" class=\"far fa-chart-bar\"><\/i>\t\t\t<\/div>\n\t\t<\/div>\n\t\t\t\t<\/div>\n\t\t\t\t<\/div>\n\t\t\t\t\t<\/div>\n\t\t<\/div>\n\t\t\t\t<div class=\"elementor-column elementor-col-25 elementor-top-column elementor-element elementor-element-8d33f96\" data-id=\"8d33f96\" data-element_type=\"column\">\n\t\t\t<div class=\"elementor-widget-wrap elementor-element-populated\">\n\t\t\t\t\t\t\t\t<div class=\"elementor-element elementor-element-f68d6bf elementor-view-default elementor-widget elementor-widget-icon\" data-id=\"f68d6bf\" data-element_type=\"widget\" data-widget_type=\"icon.default\">\n\t\t\t\t<div class=\"elementor-widget-container\">\n\t\t\t\t\t<div class=\"elementor-icon-wrapper\">\n\t\t\t<div class=\"elementor-icon elementor-animation-pulse-grow\">\n\t\t\t<i aria-hidden=\"true\" class=\"far fa-keyboard\"><\/i>\t\t\t<\/div>\n\t\t<\/div>\n\t\t\t\t<\/div>\n\t\t\t\t<\/div>\n\t\t\t\t\t<\/div>\n\t\t<\/div>\n\t\t\t\t<div class=\"elementor-column elementor-col-25 elementor-top-column elementor-element elementor-element-760c93c\" data-id=\"760c93c\" data-element_type=\"column\">\n\t\t\t<div class=\"elementor-widget-wrap elementor-element-populated\">\n\t\t\t\t\t\t\t\t<div class=\"elementor-element elementor-element-0366599 elementor-view-default elementor-widget elementor-widget-icon\" data-id=\"0366599\" data-element_type=\"widget\" data-widget_type=\"icon.default\">\n\t\t\t\t<div class=\"elementor-widget-container\">\n\t\t\t\t\t<div class=\"elementor-icon-wrapper\">\n\t\t\t<div class=\"elementor-icon elementor-animation-pulse-grow\">\n\t\t\t<i aria-hidden=\"true\" class=\"fas fa-hand-holding-heart\"><\/i>\t\t\t<\/div>\n\t\t<\/div>\n\t\t\t\t<\/div>\n\t\t\t\t<\/div>\n\t\t\t\t\t<\/div>\n\t\t<\/div>\n\t\t\t\t<div class=\"elementor-column elementor-col-25 elementor-top-column elementor-element elementor-element-faaa700\" data-id=\"faaa700\" data-element_type=\"column\">\n\t\t\t<div class=\"elementor-widget-wrap elementor-element-populated\">\n\t\t\t\t\t\t\t\t<div class=\"elementor-element elementor-element-742f49a elementor-view-default elementor-widget elementor-widget-icon\" data-id=\"742f49a\" data-element_type=\"widget\" data-widget_type=\"icon.default\">\n\t\t\t\t<div class=\"elementor-widget-container\">\n\t\t\t\t\t<div class=\"elementor-icon-wrapper\">\n\t\t\t<div class=\"elementor-icon elementor-animation-pulse-grow\">\n\t\t\t<i aria-hidden=\"true\" class=\"fas fa-tools\"><\/i>\t\t\t<\/div>\n\t\t<\/div>\n\t\t\t\t<\/div>\n\t\t\t\t<\/div>\n\t\t\t\t\t<\/div>\n\t\t<\/div>\n\t\t\t\t\t\t\t<\/div>\n\t\t<\/section>\n\t\t\t\t<section class=\"elementor-section elementor-top-section elementor-element elementor-element-3fe876a elementor-section-boxed elementor-section-height-default elementor-section-height-default\" data-id=\"3fe876a\" data-element_type=\"section\">\n\t\t\t\t\t\t<div class=\"elementor-container elementor-column-gap-default\">\n\t\t\t\t\t<div class=\"elementor-column elementor-col-25 elementor-top-column elementor-element elementor-element-a0850a1\" data-id=\"a0850a1\" data-element_type=\"column\">\n\t\t\t<div class=\"elementor-widget-wrap elementor-element-populated\">\n\t\t\t\t\t\t\t\t<div class=\"elementor-element elementor-element-8df65e7 elementor-invisible elementor-widget elementor-widget-text-editor\" data-id=\"8df65e7\" data-element_type=\"widget\" data-settings=\"{&quot;_animation&quot;:&quot;fadeIn&quot;,&quot;_animation_delay&quot;:100}\" data-widget_type=\"text-editor.default\">\n\t\t\t\t<div class=\"elementor-widget-container\">\n\t\t\t\t\t\t\t<p><strong>QUALIDADE, HIGI\u00c9NE, SEGURAN\u00c7A E SA\u00daDE NO TRABALHO<\/strong><\/p><p>&#8211; Conselho de Administra\u00e7\u00e3o<br \/>&#8211; Coordena\u00e7\u00f5es<\/p>\t\t\t\t\t\t<\/div>\n\t\t\t\t<\/div>\n\t\t\t\t\t<\/div>\n\t\t<\/div>\n\t\t\t\t<div class=\"elementor-column elementor-col-25 elementor-top-column elementor-element elementor-element-b97d804\" data-id=\"b97d804\" data-element_type=\"column\">\n\t\t\t<div class=\"elementor-widget-wrap elementor-element-populated\">\n\t\t\t\t\t\t\t\t<div class=\"elementor-element elementor-element-bdbac02 animated-slow elementor-invisible elementor-widget elementor-widget-text-editor\" data-id=\"bdbac02\" data-element_type=\"widget\" data-settings=\"{&quot;_animation&quot;:&quot;fadeIn&quot;,&quot;_animation_delay&quot;:100}\" data-widget_type=\"text-editor.default\">\n\t\t\t\t<div class=\"elementor-widget-container\">\n\t\t\t\t\t\t\t<p><b>SERVI\u00c7OS FINANCEIROS E ADMINISTRATIVOS<\/b><\/p>\n<p><i>Coordenador: Rui Estrela<br><\/i>&#8211; Secretaria: J\u00falia Lameiro<\/p>\t\t\t\t\t\t<\/div>\n\t\t\t\t<\/div>\n\t\t\t\t\t<\/div>\n\t\t<\/div>\n\t\t\t\t<div class=\"elementor-column elementor-col-25 elementor-top-column elementor-element elementor-element-49b49ea\" data-id=\"49b49ea\" data-element_type=\"column\">\n\t\t\t<div class=\"elementor-widget-wrap elementor-element-populated\">\n\t\t\t\t\t\t\t\t<div class=\"elementor-element elementor-element-8995137 animated-slow elementor-invisible elementor-widget elementor-widget-text-editor\" data-id=\"8995137\" data-element_type=\"widget\" data-settings=\"{&quot;_animation&quot;:&quot;fadeIn&quot;,&quot;_animation_delay&quot;:100}\" data-widget_type=\"text-editor.default\">\n\t\t\t\t<div class=\"elementor-widget-container\">\n\t\t\t\t\t\t\t<p><b>SERVI\u00c7OS DE APOIO DIRETO<\/b><\/p><p><i>Coordenadora: Ana Cl\u00e1udia Silva<br \/><\/i>&#8211; Centro de Atividades para a Capacita\u00e7\u00e3o e Inclus\u00e3o<br \/>&#8211; Lar Residencial<br \/>&#8211; Resid\u00eancia Aut\u00f3noma<br \/>&#8211; Servi\u00e7o de Apoio Domicili\u00e1rio<\/p>\t\t\t\t\t\t<\/div>\n\t\t\t\t<\/div>\n\t\t\t\t\t<\/div>\n\t\t<\/div>\n\t\t\t\t<div class=\"elementor-column elementor-col-25 elementor-top-column elementor-element elementor-element-bd86789\" data-id=\"bd86789\" data-element_type=\"column\">\n\t\t\t<div class=\"elementor-widget-wrap elementor-element-populated\">\n\t\t\t\t\t\t\t\t<div class=\"elementor-element elementor-element-16c985f animated-slow elementor-invisible elementor-widget elementor-widget-text-editor\" data-id=\"16c985f\" data-element_type=\"widget\" data-settings=\"{&quot;_animation&quot;:&quot;fadeIn&quot;,&quot;_animation_delay&quot;:100}\" data-widget_type=\"text-editor.default\">\n\t\t\t\t<div class=\"elementor-widget-container\">\n\t\t\t\t\t\t\t<p><strong>QUALIFICA\u00c7\u00c3O E FORMA\u00c7\u00c3O<\/strong><\/p><p><i><br \/><\/i>&#8211; Centro de Forma\u00e7\u00e3o e Reabilita\u00e7\u00e3o Profissional<\/p>\t\t\t\t\t\t<\/div>\n\t\t\t\t<\/div>\n\t\t\t\t\t<\/div>\n\t\t<\/div>\n\t\t\t\t\t\t\t<\/div>\n\t\t<\/section>\n\t\t\t\t<section class=\"elementor-section elementor-top-section elementor-element elementor-element-6c393a7 elementor-section-boxed elementor-section-height-default elementor-section-height-default\" data-id=\"6c393a7\" data-element_type=\"section\">\n\t\t\t\t\t\t<div class=\"elementor-container elementor-column-gap-default\">\n\t\t\t\t\t<div class=\"elementor-column elementor-col-25 elementor-top-column elementor-element elementor-element-9363882\" data-id=\"9363882\" data-element_type=\"column\">\n\t\t\t<div class=\"elementor-widget-wrap elementor-element-populated\">\n\t\t\t\t\t\t\t\t<div class=\"elementor-element elementor-element-c84dbc6 elementor-view-default elementor-widget elementor-widget-icon\" data-id=\"c84dbc6\" data-element_type=\"widget\" data-widget_type=\"icon.default\">\n\t\t\t\t<div class=\"elementor-widget-container\">\n\t\t\t\t\t<div class=\"elementor-icon-wrapper\">\n\t\t\t<div class=\"elementor-icon elementor-animation-pulse-grow\">\n\t\t\t<i aria-hidden=\"true\" class=\"fas fa-user-graduate\"><\/i>\t\t\t<\/div>\n\t\t<\/div>\n\t\t\t\t<\/div>\n\t\t\t\t<\/div>\n\t\t\t\t\t<\/div>\n\t\t<\/div>\n\t\t\t\t<div class=\"elementor-column elementor-col-25 elementor-top-column elementor-element elementor-element-3f44918\" data-id=\"3f44918\" data-element_type=\"column\">\n\t\t\t<div class=\"elementor-widget-wrap elementor-element-populated\">\n\t\t\t\t\t\t\t\t<div class=\"elementor-element elementor-element-beb32c7 elementor-view-default elementor-widget elementor-widget-icon\" data-id=\"beb32c7\" data-element_type=\"widget\" data-widget_type=\"icon.default\">\n\t\t\t\t<div class=\"elementor-widget-container\">\n\t\t\t\t\t<div class=\"elementor-icon-wrapper\">\n\t\t\t<div class=\"elementor-icon elementor-animation-pulse-grow\">\n\t\t\t<i aria-hidden=\"true\" class=\"far fa-handshake\"><\/i>\t\t\t<\/div>\n\t\t<\/div>\n\t\t\t\t<\/div>\n\t\t\t\t<\/div>\n\t\t\t\t\t<\/div>\n\t\t<\/div>\n\t\t\t\t<div class=\"elementor-column elementor-col-25 elementor-top-column elementor-element elementor-element-29854b0\" data-id=\"29854b0\" data-element_type=\"column\">\n\t\t\t<div class=\"elementor-widget-wrap elementor-element-populated\">\n\t\t\t\t\t\t\t\t<div class=\"elementor-element elementor-element-bb33004 elementor-view-default elementor-widget elementor-widget-icon\" data-id=\"bb33004\" data-element_type=\"widget\" data-widget_type=\"icon.default\">\n\t\t\t\t<div class=\"elementor-widget-container\">\n\t\t\t\t\t<div class=\"elementor-icon-wrapper\">\n\t\t\t<div class=\"elementor-icon elementor-animation-pulse-grow\">\n\t\t\t<i aria-hidden=\"true\" class=\"far fa-comments\"><\/i>\t\t\t<\/div>\n\t\t<\/div>\n\t\t\t\t<\/div>\n\t\t\t\t<\/div>\n\t\t\t\t\t<\/div>\n\t\t<\/div>\n\t\t\t\t<div class=\"elementor-column elementor-col-25 elementor-top-column elementor-element elementor-element-1d66981\" data-id=\"1d66981\" data-element_type=\"column\">\n\t\t\t<div class=\"elementor-widget-wrap elementor-element-populated\">\n\t\t\t\t\t\t\t\t<div class=\"elementor-element elementor-element-cfb9057 elementor-view-default elementor-widget elementor-widget-icon\" data-id=\"cfb9057\" data-element_type=\"widget\" data-widget_type=\"icon.default\">\n\t\t\t\t<div class=\"elementor-widget-container\">\n\t\t\t\t\t<div class=\"elementor-icon-wrapper\">\n\t\t\t<div class=\"elementor-icon elementor-animation-pulse-grow\">\n\t\t\t<i aria-hidden=\"true\" class=\"fas fa-plane-departure\"><\/i>\t\t\t<\/div>\n\t\t<\/div>\n\t\t\t\t<\/div>\n\t\t\t\t<\/div>\n\t\t\t\t\t<\/div>\n\t\t<\/div>\n\t\t\t\t\t\t\t<\/div>\n\t\t<\/section>\n\t\t\t\t<section class=\"elementor-section elementor-top-section elementor-element elementor-element-94f090d elementor-section-boxed elementor-section-height-default elementor-section-height-default\" data-id=\"94f090d\" data-element_type=\"section\">\n\t\t\t\t\t\t<div class=\"elementor-container elementor-column-gap-default\">\n\t\t\t\t\t<div class=\"elementor-column elementor-col-25 elementor-top-column elementor-element elementor-element-1d2cbc3\" data-id=\"1d2cbc3\" data-element_type=\"column\">\n\t\t\t<div class=\"elementor-widget-wrap elementor-element-populated\">\n\t\t\t\t\t\t\t\t<div class=\"elementor-element elementor-element-8aa589d animated-slow elementor-invisible elementor-widget elementor-widget-text-editor\" data-id=\"8aa589d\" data-element_type=\"widget\" data-settings=\"{&quot;_animation&quot;:&quot;fadeIn&quot;,&quot;_animation_delay&quot;:100}\" data-widget_type=\"text-editor.default\">\n\t\t\t\t<div class=\"elementor-widget-container\">\n\t\t\t\t\t\t\t<p><b>EDUCA\u00c7\u00c3O E QUALIFICA\u00c7\u00c3O<\/b><\/p><p><i>Coordenadora: Susana Clara<br \/><\/i><span style=\"font-size: medium; font-family: 'Open Sans', Helvetica, Arial, sans-serif; color: #64646d; font-weight: var( --e-global-typography-text-font-weight ); letter-spacing: 0px;\">&#8211; Centro de Recursos para a Inclus\u00e3o<br \/>&#8211; Centro Qualifica<br \/>&#8211; Forma\u00e7\u00e3o Modular Certificada<\/span><\/p>\t\t\t\t\t\t<\/div>\n\t\t\t\t<\/div>\n\t\t\t\t\t<\/div>\n\t\t<\/div>\n\t\t\t\t<div class=\"elementor-column elementor-col-25 elementor-top-column elementor-element elementor-element-64993bd\" data-id=\"64993bd\" data-element_type=\"column\">\n\t\t\t<div class=\"elementor-widget-wrap elementor-element-populated\">\n\t\t\t\t\t\t\t\t<div class=\"elementor-element elementor-element-888be42 animated-slow elementor-invisible elementor-widget elementor-widget-text-editor\" data-id=\"888be42\" data-element_type=\"widget\" data-settings=\"{&quot;_animation&quot;:&quot;fadeIn&quot;,&quot;_animation_delay&quot;:100}\" data-widget_type=\"text-editor.default\">\n\t\t\t\t<div class=\"elementor-widget-container\">\n\t\t\t\t\t\t\t<p><b>GABINETE DE INSER\u00c7\u00c3O PROFISSIONAL (GIP)<\/b><\/p>\n<p><i>Coordenadora: T\u00e3nia Gandaio<\/i><br><\/p>\t\t\t\t\t\t<\/div>\n\t\t\t\t<\/div>\n\t\t\t\t\t<\/div>\n\t\t<\/div>\n\t\t\t\t<div class=\"elementor-column elementor-col-25 elementor-top-column elementor-element elementor-element-3aa5f68\" data-id=\"3aa5f68\" data-element_type=\"column\">\n\t\t\t<div class=\"elementor-widget-wrap elementor-element-populated\">\n\t\t\t\t\t\t\t\t<div class=\"elementor-element elementor-element-0ba40a1 animated-slow elementor-invisible elementor-widget elementor-widget-text-editor\" data-id=\"0ba40a1\" data-element_type=\"widget\" data-settings=\"{&quot;_animation&quot;:&quot;fadeIn&quot;,&quot;_animation_delay&quot;:100}\" data-widget_type=\"text-editor.default\">\n\t\t\t\t<div class=\"elementor-widget-container\">\n\t\t\t\t\t\t\t<p><b>COMUNICA\u00c7\u00c3O ORGANIZACIONAL<\/b><\/p>\n<p><i>Coordenadora: Ana Pouseiro<br><\/i>&#8211; Gabinete de Comunica\u00e7\u00e3o<br>&#8211; R\u00e1dio Nazar\u00e9<\/p>\t\t\t\t\t\t<\/div>\n\t\t\t\t<\/div>\n\t\t\t\t\t<\/div>\n\t\t<\/div>\n\t\t\t\t<div class=\"elementor-column elementor-col-25 elementor-top-column elementor-element elementor-element-a559d1f\" data-id=\"a559d1f\" data-element_type=\"column\">\n\t\t\t<div class=\"elementor-widget-wrap elementor-element-populated\">\n\t\t\t\t\t\t\t\t<div class=\"elementor-element elementor-element-6b1945d animated-slow elementor-invisible elementor-widget elementor-widget-text-editor\" data-id=\"6b1945d\" data-element_type=\"widget\" data-settings=\"{&quot;_animation&quot;:&quot;fadeIn&quot;,&quot;_animation_delay&quot;:100}\" data-widget_type=\"text-editor.default\">\n\t\t\t\t<div class=\"elementor-widget-container\">\n\t\t\t\t\t\t\t<p><b>\u00c1REA PROJETO \/ INTERC\u00c2MBIOS<\/b><\/p><p><i>Respons\u00e1vel: Catarina G\u00f3is<br \/><\/i>&#8211; Voluntariado Jovem<br \/>&#8211; Eurodesk<br \/>&#8211; Erasmus+<br \/>&#8211; Interc\u00e2mbios<br \/>&#8211; Centro de Atividades Aqu\u00e1ticas Adaptadas do Oeste<\/p>\t\t\t\t\t\t<\/div>\n\t\t\t\t<\/div>\n\t\t\t\t\t<\/div>\n\t\t<\/div>\n\t\t\t\t\t\t\t<\/div>\n\t\t<\/section>\n\t\t\t\t\t\t\t<\/div>\n\t\t","protected":false},"excerpt":{"rendered":"<p>QUALIDADE, HIGI\u00c9NE, SEGURAN\u00c7A E SA\u00daDE NO TRABALHO &#8211; Conselho de Administra\u00e7\u00e3o&#8211; Coordena\u00e7\u00f5es SERVI\u00c7OS FINANCEIROS E ADMINISTRATIVOS Coordenador: Rui Estrela&#8211; Secretaria: J\u00falia Lameiro SERVI\u00c7OS DE APOIO DIRETO Coordenadora: Ana Cl\u00e1udia Silva&#8211; Centro de Atividades para a Capacita\u00e7\u00e3o e Inclus\u00e3o&#8211; Lar Residencial&#8211; Resid\u00eancia Aut\u00f3noma&#8211; Servi\u00e7o de Apoio Domicili\u00e1rio QUALIFICA\u00c7\u00c3O E FORMA\u00c7\u00c3O &#8211; Centro de Forma\u00e7\u00e3o e Reabilita\u00e7\u00e3o [&hellip;]<\/p>\n","protected":false},"author":1,"featured_media":0,"parent":3398,"menu_order":0,"comment_status":"closed","ping_status":"closed","template":"","meta":[],"_links":{"self":[{"href":"https:\/\/cercina.pt\/web\/wp-json\/wp\/v2\/pages\/3394"}],"collection":[{"href":"https:\/\/cercina.pt\/web\/wp-json\/wp\/v2\/pages"}],"about":[{"href":"https:\/\/cercina.pt\/web\/wp-json\/wp\/v2\/types\/page"}],"author":[{"embeddable":true,"href":"https:\/\/cercina.pt\/web\/wp-json\/wp\/v2\/users\/1"}],"replies":[{"embeddable":true,"href":"https:\/\/cercina.pt\/web\/wp-json\/wp\/v2\/comments?post=3394"}],"version-history":[{"count":25,"href":"https:\/\/cercina.pt\/web\/wp-json\/wp\/v2\/pages\/3394\/revisions"}],"predecessor-version":[{"id":4287,"href":"https:\/\/cercina.pt\/web\/wp-json\/wp\/v2\/pages\/3394\/revisions\/4287"}],"up":[{"embeddable":true,"href":"https:\/\/cercina.pt\/web\/wp-json\/wp\/v2\/pages\/3398"}],"wp:attachment":[{"href":"https:\/\/cercina.pt\/web\/wp-json\/wp\/v2\/media?parent=3394"}],"curies":[{"name":"wp","href":"https:\/\/api.w.org\/{rel}","templated":true}]}}