{"id":3388,"date":"2020-12-28T15:46:17","date_gmt":"2020-12-28T15:46:17","guid":{"rendered":"https:\/\/cercina.pt\/web\/?page_id=3388"},"modified":"2022-01-28T18:07:30","modified_gmt":"2022-01-28T18:07:30","slug":"objetivos","status":"publish","type":"page","link":"https:\/\/cercina.pt\/web\/acerca-de-nos\/objetivos\/","title":{"rendered":"Objetivos"},"content":{"rendered":"\t\t<div data-elementor-type=\"wp-page\" data-elementor-id=\"3388\" class=\"elementor elementor-3388\">\n\t\t\t\t\t\t\t\t\t<section class=\"elementor-section elementor-top-section elementor-element elementor-element-c908b45 elementor-section-boxed elementor-section-height-default elementor-section-height-default\" data-id=\"c908b45\" data-element_type=\"section\">\n\t\t\t\t\t\t<div class=\"elementor-container elementor-column-gap-default\">\n\t\t\t\t\t<div class=\"elementor-column elementor-col-33 elementor-top-column elementor-element elementor-element-60b03b4\" data-id=\"60b03b4\" data-element_type=\"column\">\n\t\t\t<div class=\"elementor-widget-wrap elementor-element-populated\">\n\t\t\t\t\t\t\t\t<div class=\"elementor-element elementor-element-9d9733b elementor-widget elementor-widget-image\" data-id=\"9d9733b\" data-element_type=\"widget\" data-widget_type=\"image.default\">\n\t\t\t\t<div class=\"elementor-widget-container\">\n\t\t\t\t\t\t\t\t\t\t\t\t\t\t\t<img width=\"576\" height=\"1024\" src=\"https:\/\/cercina.pt\/web\/wp-content\/uploads\/2022\/01\/micaela_bruxelas-576x1024.jpg\" class=\"attachment-large size-large wp-image-3875\" alt=\"Menina sorridente posa junto a um painel informativo sobre a organiza\u00e7\u00e3o Inclusion Europe\" srcset=\"https:\/\/cercina.pt\/web\/wp-content\/uploads\/2022\/01\/micaela_bruxelas-169x300.jpg 169w, https:\/\/cercina.pt\/web\/wp-content\/uploads\/2022\/01\/micaela_bruxelas-200x356.jpg 200w, https:\/\/cercina.pt\/web\/wp-content\/uploads\/2022\/01\/micaela_bruxelas-400x711.jpg 400w, https:\/\/cercina.pt\/web\/wp-content\/uploads\/2022\/01\/micaela_bruxelas-576x1024.jpg 576w, https:\/\/cercina.pt\/web\/wp-content\/uploads\/2022\/01\/micaela_bruxelas-600x1067.jpg 600w, https:\/\/cercina.pt\/web\/wp-content\/uploads\/2022\/01\/micaela_bruxelas-768x1365.jpg 768w, https:\/\/cercina.pt\/web\/wp-content\/uploads\/2022\/01\/micaela_bruxelas-800x1422.jpg 800w, https:\/\/cercina.pt\/web\/wp-content\/uploads\/2022\/01\/micaela_bruxelas-864x1536.jpg 864w, https:\/\/cercina.pt\/web\/wp-content\/uploads\/2022\/01\/micaela_bruxelas-1152x2048.jpg 1152w, https:\/\/cercina.pt\/web\/wp-content\/uploads\/2022\/01\/micaela_bruxelas-1200x2133.jpg 1200w, https:\/\/cercina.pt\/web\/wp-content\/uploads\/2022\/01\/micaela_bruxelas-scaled.jpg 1440w\" sizes=\"(max-width: 576px) 100vw, 576px\" \/>\t\t\t\t\t\t\t\t\t\t\t\t\t\t\t<\/div>\n\t\t\t\t<\/div>\n\t\t\t\t\t<\/div>\n\t\t<\/div>\n\t\t\t\t<div class=\"elementor-column elementor-col-66 elementor-top-column elementor-element elementor-element-8ca82c4\" data-id=\"8ca82c4\" data-element_type=\"column\">\n\t\t\t<div class=\"elementor-widget-wrap elementor-element-populated\">\n\t\t\t\t\t\t\t\t<div class=\"elementor-element elementor-element-f9a28f9 elementor-widget elementor-widget-text-editor\" data-id=\"f9a28f9\" data-element_type=\"widget\" data-widget_type=\"text-editor.default\">\n\t\t\t\t<div class=\"elementor-widget-container\">\n\t\t\t\t\t\t\t<p>Desde a sua constitui\u00e7\u00e3o, a CERCINA tem vindo a alargar e a diversificar o seu \u00e2mbito de a\u00e7\u00e3o.<br \/><span style=\"color: var( --e-global-color-text ); font-family: var( --e-global-typography-text-font-family ), Sans-serif; font-weight: var( --e-global-typography-text-font-weight ); letter-spacing: 0px;\">Os seus <strong>principais objetivos<\/strong> s\u00e3o:<\/span><\/p><p>a) Apoiar grupos vulner\u00e1veis, em especial a crian\u00e7as e jovens e pessoas com defici\u00eancia, visando a defesa dos seus direitos individuais, de pessoa e de cidadania<\/p><p>b) Apoiar a pessoa deficiente, com incapacidade ou desfavorecida, atrav\u00e9s da educa\u00e7\u00e3o, reabilita\u00e7\u00e3o, forma\u00e7\u00e3o, valoriza\u00e7\u00e3o e integra\u00e7\u00e3o pessoal, social e profissional.<\/p><p>c) Apoiar as fam\u00edlias socialmente desfavorecidas com vista \u00e0 melhoria da sua qualidade de vida e inser\u00e7\u00e3o socioecon\u00f3mica.<\/p><p>d) Promover o ensino, forma\u00e7\u00e3o, qualifica\u00e7\u00e3o e integra\u00e7\u00e3o profissional do cidad\u00e3o, em especial a pessoa com defici\u00eancia.<\/p><p>e) Desenvolver programas de apoio direcionados para grupos alvo socialmente desfavorecidos.<\/p><p>f) Dirigir a interven\u00e7\u00e3o para o indiv\u00edduo e para o contexto em que est\u00e1 integrado, tendo como refer\u00eancia o Modelo Ambiental, trabalhando, para al\u00e9m do indiv\u00edduo, a comunidade e o contexto social.<\/p>\t\t\t\t\t\t<\/div>\n\t\t\t\t<\/div>\n\t\t\t\t\t<\/div>\n\t\t<\/div>\n\t\t\t\t\t\t\t<\/div>\n\t\t<\/section>\n\t\t\t\t\t\t\t<\/div>\n\t\t","protected":false},"excerpt":{"rendered":"<p>Desde a sua constitui\u00e7\u00e3o, a CERCINA tem vindo a alargar e a diversificar o seu \u00e2mbito de a\u00e7\u00e3o.Os seus principais objetivos s\u00e3o: a) Apoiar grupos vulner\u00e1veis, em especial a crian\u00e7as e jovens e pessoas com defici\u00eancia, visando a defesa dos seus direitos individuais, de pessoa e de cidadania b) Apoiar a pessoa deficiente, com incapacidade [&hellip;]<\/p>\n","protected":false},"author":1,"featured_media":0,"parent":3398,"menu_order":0,"comment_status":"closed","ping_status":"closed","template":"","meta":[],"_links":{"self":[{"href":"https:\/\/cercina.pt\/web\/wp-json\/wp\/v2\/pages\/3388"}],"collection":[{"href":"https:\/\/cercina.pt\/web\/wp-json\/wp\/v2\/pages"}],"about":[{"href":"https:\/\/cercina.pt\/web\/wp-json\/wp\/v2\/types\/page"}],"author":[{"embeddable":true,"href":"https:\/\/cercina.pt\/web\/wp-json\/wp\/v2\/users\/1"}],"replies":[{"embeddable":true,"href":"https:\/\/cercina.pt\/web\/wp-json\/wp\/v2\/comments?post=3388"}],"version-history":[{"count":7,"href":"https:\/\/cercina.pt\/web\/wp-json\/wp\/v2\/pages\/3388\/revisions"}],"predecessor-version":[{"id":3879,"href":"https:\/\/cercina.pt\/web\/wp-json\/wp\/v2\/pages\/3388\/revisions\/3879"}],"up":[{"embeddable":true,"href":"https:\/\/cercina.pt\/web\/wp-json\/wp\/v2\/pages\/3398"}],"wp:attachment":[{"href":"https:\/\/cercina.pt\/web\/wp-json\/wp\/v2\/media?parent=3388"}],"curies":[{"name":"wp","href":"https:\/\/api.w.org\/{rel}","templated":true}]}}