{"id":3386,"date":"2020-12-28T15:46:01","date_gmt":"2020-12-28T15:46:01","guid":{"rendered":"https:\/\/cercina.pt\/web\/?page_id=3386"},"modified":"2022-01-28T17:25:46","modified_gmt":"2022-01-28T17:25:46","slug":"missao-visao-e-valores","status":"publish","type":"page","link":"https:\/\/cercina.pt\/web\/acerca-de-nos\/missao-visao-e-valores\/","title":{"rendered":"Miss\u00e3o, vis\u00e3o e valores"},"content":{"rendered":"\t\t<div data-elementor-type=\"wp-page\" data-elementor-id=\"3386\" class=\"elementor elementor-3386\">\n\t\t\t\t\t\t\t\t\t<section class=\"elementor-section elementor-top-section elementor-element elementor-element-909e239 elementor-section-boxed elementor-section-height-default elementor-section-height-default\" data-id=\"909e239\" data-element_type=\"section\">\n\t\t\t\t\t\t<div class=\"elementor-container elementor-column-gap-default\">\n\t\t\t\t\t<div class=\"elementor-column elementor-col-33 elementor-top-column elementor-element elementor-element-7f5b9f0\" data-id=\"7f5b9f0\" data-element_type=\"column\">\n\t\t\t<div class=\"elementor-widget-wrap elementor-element-populated\">\n\t\t\t\t\t\t\t\t<div class=\"elementor-element elementor-element-febde43 elementor-view-default elementor-widget elementor-widget-icon\" data-id=\"febde43\" data-element_type=\"widget\" data-widget_type=\"icon.default\">\n\t\t\t\t<div class=\"elementor-widget-container\">\n\t\t\t\t\t<div class=\"elementor-icon-wrapper\">\n\t\t\t<div class=\"elementor-icon\">\n\t\t\t<i aria-hidden=\"true\" class=\"fas fa-compass\"><\/i>\t\t\t<\/div>\n\t\t<\/div>\n\t\t\t\t<\/div>\n\t\t\t\t<\/div>\n\t\t\t\t\t<\/div>\n\t\t<\/div>\n\t\t\t\t<div class=\"elementor-column elementor-col-33 elementor-top-column elementor-element elementor-element-f187443\" data-id=\"f187443\" data-element_type=\"column\">\n\t\t\t<div class=\"elementor-widget-wrap elementor-element-populated\">\n\t\t\t\t\t\t\t\t<div class=\"elementor-element elementor-element-e09c94e elementor-view-default elementor-widget elementor-widget-icon\" data-id=\"e09c94e\" data-element_type=\"widget\" data-widget_type=\"icon.default\">\n\t\t\t\t<div class=\"elementor-widget-container\">\n\t\t\t\t\t<div class=\"elementor-icon-wrapper\">\n\t\t\t<div class=\"elementor-icon\">\n\t\t\t<i aria-hidden=\"true\" class=\"far fa-eye\"><\/i>\t\t\t<\/div>\n\t\t<\/div>\n\t\t\t\t<\/div>\n\t\t\t\t<\/div>\n\t\t\t\t\t<\/div>\n\t\t<\/div>\n\t\t\t\t<div class=\"elementor-column elementor-col-33 elementor-top-column elementor-element elementor-element-5b658da\" data-id=\"5b658da\" data-element_type=\"column\">\n\t\t\t<div class=\"elementor-widget-wrap elementor-element-populated\">\n\t\t\t\t\t\t\t\t<div class=\"elementor-element elementor-element-47848f2 elementor-view-default elementor-widget elementor-widget-icon\" data-id=\"47848f2\" data-element_type=\"widget\" data-widget_type=\"icon.default\">\n\t\t\t\t<div class=\"elementor-widget-container\">\n\t\t\t\t\t<div class=\"elementor-icon-wrapper\">\n\t\t\t<div class=\"elementor-icon\">\n\t\t\t<i aria-hidden=\"true\" class=\"fas fa-fingerprint\"><\/i>\t\t\t<\/div>\n\t\t<\/div>\n\t\t\t\t<\/div>\n\t\t\t\t<\/div>\n\t\t\t\t\t<\/div>\n\t\t<\/div>\n\t\t\t\t\t\t\t<\/div>\n\t\t<\/section>\n\t\t\t\t<section class=\"elementor-section elementor-top-section elementor-element elementor-element-a00903c elementor-section-boxed elementor-section-height-default elementor-section-height-default\" data-id=\"a00903c\" data-element_type=\"section\">\n\t\t\t\t\t\t<div class=\"elementor-container elementor-column-gap-default\">\n\t\t\t\t\t<div class=\"elementor-column elementor-col-33 elementor-top-column elementor-element elementor-element-62dc749\" data-id=\"62dc749\" data-element_type=\"column\">\n\t\t\t<div class=\"elementor-widget-wrap elementor-element-populated\">\n\t\t\t\t\t\t\t\t<div class=\"elementor-element elementor-element-0f5b374 elementor-widget elementor-widget-text-editor\" data-id=\"0f5b374\" data-element_type=\"widget\" data-widget_type=\"text-editor.default\">\n\t\t\t\t<div class=\"elementor-widget-container\">\n\t\t\t\t\t\t\t<p><strong>MISS\u00c3O<\/strong><\/p>\t\t\t\t\t\t<\/div>\n\t\t\t\t<\/div>\n\t\t\t\t\t<\/div>\n\t\t<\/div>\n\t\t\t\t<div class=\"elementor-column elementor-col-33 elementor-top-column elementor-element elementor-element-321095e\" data-id=\"321095e\" data-element_type=\"column\">\n\t\t\t<div class=\"elementor-widget-wrap elementor-element-populated\">\n\t\t\t\t\t\t\t\t<div class=\"elementor-element elementor-element-9f0d0e4 elementor-widget elementor-widget-text-editor\" data-id=\"9f0d0e4\" data-element_type=\"widget\" data-widget_type=\"text-editor.default\">\n\t\t\t\t<div class=\"elementor-widget-container\">\n\t\t\t\t\t\t\t<p><strong>VIS\u00c3O<\/strong><\/p>\t\t\t\t\t\t<\/div>\n\t\t\t\t<\/div>\n\t\t\t\t\t<\/div>\n\t\t<\/div>\n\t\t\t\t<div class=\"elementor-column elementor-col-33 elementor-top-column elementor-element elementor-element-1d989e9\" data-id=\"1d989e9\" data-element_type=\"column\">\n\t\t\t<div class=\"elementor-widget-wrap elementor-element-populated\">\n\t\t\t\t\t\t\t\t<div class=\"elementor-element elementor-element-01b50b2 elementor-widget elementor-widget-text-editor\" data-id=\"01b50b2\" data-element_type=\"widget\" data-widget_type=\"text-editor.default\">\n\t\t\t\t<div class=\"elementor-widget-container\">\n\t\t\t\t\t\t\t<p><strong>VALORES E PRINC\u00cdPIOS<\/strong><\/p>\t\t\t\t\t\t<\/div>\n\t\t\t\t<\/div>\n\t\t\t\t\t<\/div>\n\t\t<\/div>\n\t\t\t\t\t\t\t<\/div>\n\t\t<\/section>\n\t\t\t\t<section class=\"elementor-section elementor-top-section elementor-element elementor-element-087e4d2 elementor-section-boxed elementor-section-height-default elementor-section-height-default\" data-id=\"087e4d2\" data-element_type=\"section\">\n\t\t\t\t\t\t<div class=\"elementor-container elementor-column-gap-default\">\n\t\t\t\t\t<div class=\"elementor-column elementor-col-33 elementor-top-column elementor-element elementor-element-0c280c0\" data-id=\"0c280c0\" data-element_type=\"column\">\n\t\t\t<div class=\"elementor-widget-wrap elementor-element-populated\">\n\t\t\t\t\t\t\t\t<div class=\"elementor-element elementor-element-236b784 elementor-widget elementor-widget-text-editor\" data-id=\"236b784\" data-element_type=\"widget\" data-widget_type=\"text-editor.default\">\n\t\t\t\t<div class=\"elementor-widget-container\">\n\t\t\t\t\t\t\t<p>Promover a inclus\u00e3o, visando a satisfa\u00e7\u00e3o dos clientes, suas fam\u00edlias, colaboradores e parceiros.<\/p>\t\t\t\t\t\t<\/div>\n\t\t\t\t<\/div>\n\t\t\t\t\t<\/div>\n\t\t<\/div>\n\t\t\t\t<div class=\"elementor-column elementor-col-33 elementor-top-column elementor-element elementor-element-76a808e\" data-id=\"76a808e\" data-element_type=\"column\">\n\t\t\t<div class=\"elementor-widget-wrap elementor-element-populated\">\n\t\t\t\t\t\t\t\t<div class=\"elementor-element elementor-element-e61b66d elementor-widget elementor-widget-text-editor\" data-id=\"e61b66d\" data-element_type=\"widget\" data-widget_type=\"text-editor.default\">\n\t\t\t\t<div class=\"elementor-widget-container\">\n\t\t\t\t\t\t\t<p>Ser uma institui\u00e7\u00e3o de refer\u00eancia na presta\u00e7\u00e3o de servi\u00e7os de reabilita\u00e7\u00e3o e capacita\u00e7\u00e3o.<\/p>\t\t\t\t\t\t<\/div>\n\t\t\t\t<\/div>\n\t\t\t\t\t<\/div>\n\t\t<\/div>\n\t\t\t\t<div class=\"elementor-column elementor-col-33 elementor-top-column elementor-element elementor-element-d854114\" data-id=\"d854114\" data-element_type=\"column\">\n\t\t\t<div class=\"elementor-widget-wrap elementor-element-populated\">\n\t\t\t\t\t\t\t\t<div class=\"elementor-element elementor-element-882cce9 elementor-widget elementor-widget-text-editor\" data-id=\"882cce9\" data-element_type=\"widget\" data-widget_type=\"text-editor.default\">\n\t\t\t\t<div class=\"elementor-widget-container\">\n\t\t\t\t\t\t\t<p><strong>Privacidade:<\/strong> Respeitar os espa\u00e7os e os tempos afetos \u00e0 frui\u00e7\u00e3o dos clientes;<br \/><strong>Integridade<\/strong>: Respeitar os deveres e os direitos de todas as partes interessadas e as regras organizacionais de conduta;<br \/><strong>Confidencialidade<\/strong>: Guardar absoluto sigilo de todos os factos e informa\u00e7\u00f5es relativos \u00e0 vida da organiza\u00e7\u00e3o, designadamente as que respeitam ao direito \u00e0 privacidade;<br \/><strong>Rigor<\/strong>: O planeamento, a execu\u00e7\u00e3o e o acompanhamento da a\u00e7\u00e3o s\u00e3o cumpridos com exig\u00eancia e de forma criteriosa, de acordo com procedimentos legais e padr\u00f5es \u00e9ticos;<br \/><strong>Solidariedade<\/strong>: Os resultados e metas decorrem do trabalho conjunto e de interven\u00e7\u00f5es multidisciplinares, quer entre colaboradores, quer entre parceiros, quer entre outras partes interessadas;<br \/><strong>Responsabilidade<\/strong>: Decidir e atuar em conformidade com a Vis\u00e3o, Miss\u00e3o e Valores da organiza\u00e7\u00e3o. A responsabilidade diz respeito a todos, sendo inerente \u00e0s fun\u00e7\u00f5es de cada um, num contexto de trabalho em equipa;<br \/><strong>Participa\u00e7\u00e3o<\/strong>: Envolvimento e corresponsabiliza\u00e7\u00e3o de todos nas din\u00e2micas organizacionais e na comunidade.<\/p>\t\t\t\t\t\t<\/div>\n\t\t\t\t<\/div>\n\t\t\t\t\t<\/div>\n\t\t<\/div>\n\t\t\t\t\t\t\t<\/div>\n\t\t<\/section>\n\t\t\t\t\t\t\t<\/div>\n\t\t","protected":false},"excerpt":{"rendered":"<p>MISS\u00c3O VIS\u00c3O VALORES E PRINC\u00cdPIOS Promover a inclus\u00e3o, visando a satisfa\u00e7\u00e3o dos clientes, suas fam\u00edlias, colaboradores e parceiros. Ser uma institui\u00e7\u00e3o de refer\u00eancia na presta\u00e7\u00e3o de servi\u00e7os de reabilita\u00e7\u00e3o e capacita\u00e7\u00e3o. Privacidade: Respeitar os espa\u00e7os e os tempos afetos \u00e0 frui\u00e7\u00e3o dos clientes;Integridade: Respeitar os deveres e os direitos de todas as partes interessadas e [&hellip;]<\/p>\n","protected":false},"author":1,"featured_media":0,"parent":3398,"menu_order":0,"comment_status":"closed","ping_status":"closed","template":"","meta":[],"_links":{"self":[{"href":"https:\/\/cercina.pt\/web\/wp-json\/wp\/v2\/pages\/3386"}],"collection":[{"href":"https:\/\/cercina.pt\/web\/wp-json\/wp\/v2\/pages"}],"about":[{"href":"https:\/\/cercina.pt\/web\/wp-json\/wp\/v2\/types\/page"}],"author":[{"embeddable":true,"href":"https:\/\/cercina.pt\/web\/wp-json\/wp\/v2\/users\/1"}],"replies":[{"embeddable":true,"href":"https:\/\/cercina.pt\/web\/wp-json\/wp\/v2\/comments?post=3386"}],"version-history":[{"count":4,"href":"https:\/\/cercina.pt\/web\/wp-json\/wp\/v2\/pages\/3386\/revisions"}],"predecessor-version":[{"id":3871,"href":"https:\/\/cercina.pt\/web\/wp-json\/wp\/v2\/pages\/3386\/revisions\/3871"}],"up":[{"embeddable":true,"href":"https:\/\/cercina.pt\/web\/wp-json\/wp\/v2\/pages\/3398"}],"wp:attachment":[{"href":"https:\/\/cercina.pt\/web\/wp-json\/wp\/v2\/media?parent=3386"}],"curies":[{"name":"wp","href":"https:\/\/api.w.org\/{rel}","templated":true}]}}